{"id":2174,"date":"2021-02-27T07:45:41","date_gmt":"2021-02-27T06:45:41","guid":{"rendered":"https:\/\/vamoosh.eu\/?post_type=product&#038;p=2174"},"modified":"2026-01-15T15:54:31","modified_gmt":"2026-01-15T14:54:31","slug":"vamoosh-prasek-na-cisteni-pracek","status":"publish","type":"product","link":"https:\/\/vamoosh.eu\/cs\/ukladat\/vamoosh-prasek-na-cisteni-pracek\/","title":{"rendered":"Vamoosh pr\u00e1\u0161ek na \u010di\u0161t\u011bn\u00ed pra\u010dek"},"content":{"rendered":"","protected":false},"excerpt":{"rendered":"","protected":false},"featured_media":1073,"comment_status":"open","ping_status":"closed","template":"","meta":{"_acf_changed":false,"inline_featured_image":false},"product_brand":[],"product_cat":[49],"product_tag":[],"class_list":{"0":"post-2174","1":"product","2":"type-product","3":"status-publish","4":"has-post-thumbnail","6":"product_cat-sady","8":"first","9":"instock","10":"taxable","11":"shipping-taxable","12":"product-type-simple"},"acf":[],"yoast_head":"<!-- This site is optimized with the Yoast SEO plugin v26.7 - https:\/\/yoast.com\/wordpress\/plugins\/seo\/ -->\n<title>Vamoosh pr\u00e1\u0161ek na \u010di\u0161t\u011bn\u00ed pra\u010dek - VAMOOSH<\/title>\n<meta name=\"robots\" content=\"index, follow, max-snippet:-1, max-image-preview:large, max-video-preview:-1\" \/>\n<link rel=\"canonical\" href=\"https:\/\/vamoosh.eu\/cs\/ukladat\/vamoosh-prasek-na-cisteni-pracek\/\" \/>\n<meta property=\"og:locale\" content=\"cs_CZ\" \/>\n<meta property=\"og:type\" content=\"article\" \/>\n<meta property=\"og:title\" content=\"Vamoosh pr\u00e1\u0161ek na \u010di\u0161t\u011bn\u00ed pra\u010dek - VAMOOSH\" \/>\n<meta property=\"og:url\" content=\"https:\/\/vamoosh.eu\/cs\/ukladat\/vamoosh-prasek-na-cisteni-pracek\/\" \/>\n<meta property=\"og:site_name\" content=\"VAMOOSH\" \/>\n<meta property=\"article:modified_time\" content=\"2026-01-15T14:54:31+00:00\" \/>\n<meta property=\"og:image\" content=\"https:\/\/vamoosh.eu\/wp-content\/uploads\/2021\/02\/vamoosh-do-czyszczenia-pralek-1.png\" \/>\n\t<meta property=\"og:image:width\" content=\"551\" \/>\n\t<meta property=\"og:image:height\" content=\"787\" \/>\n\t<meta property=\"og:image:type\" content=\"image\/png\" \/>\n<meta name=\"twitter:card\" content=\"summary_large_image\" \/>\n<meta name=\"twitter:label1\" content=\"Odhadovan\u00e1 doba \u010dten\u00ed\" \/>\n\t<meta name=\"twitter:data1\" content=\"1 minuta\" \/>\n<script type=\"application\/ld+json\" class=\"yoast-schema-graph\">{\"@context\":\"https:\/\/schema.org\",\"@graph\":[{\"@type\":\"WebPage\",\"@id\":\"https:\/\/vamoosh.eu\/cs\/ukladat\/vamoosh-prasek-na-cisteni-pracek\/\",\"url\":\"https:\/\/vamoosh.eu\/cs\/ukladat\/vamoosh-prasek-na-cisteni-pracek\/\",\"name\":\"Vamoosh pr\u00e1\u0161ek na \u010di\u0161t\u011bn\u00ed pra\u010dek - VAMOOSH\",\"isPartOf\":{\"@id\":\"https:\/\/vamoosh.eu\/#website\"},\"primaryImageOfPage\":{\"@id\":\"https:\/\/vamoosh.eu\/cs\/ukladat\/vamoosh-prasek-na-cisteni-pracek\/#primaryimage\"},\"image\":{\"@id\":\"https:\/\/vamoosh.eu\/cs\/ukladat\/vamoosh-prasek-na-cisteni-pracek\/#primaryimage\"},\"thumbnailUrl\":\"https:\/\/vamoosh.eu\/wp-content\/uploads\/2021\/02\/vamoosh-do-czyszczenia-pralek-1.png\",\"datePublished\":\"2021-02-27T06:45:41+00:00\",\"dateModified\":\"2026-01-15T14:54:31+00:00\",\"breadcrumb\":{\"@id\":\"https:\/\/vamoosh.eu\/cs\/ukladat\/vamoosh-prasek-na-cisteni-pracek\/#breadcrumb\"},\"inLanguage\":\"cs\",\"potentialAction\":[{\"@type\":\"ReadAction\",\"target\":[\"https:\/\/vamoosh.eu\/cs\/ukladat\/vamoosh-prasek-na-cisteni-pracek\/\"]}]},{\"@type\":\"ImageObject\",\"inLanguage\":\"cs\",\"@id\":\"https:\/\/vamoosh.eu\/cs\/ukladat\/vamoosh-prasek-na-cisteni-pracek\/#primaryimage\",\"url\":\"https:\/\/vamoosh.eu\/wp-content\/uploads\/2021\/02\/vamoosh-do-czyszczenia-pralek-1.png\",\"contentUrl\":\"https:\/\/vamoosh.eu\/wp-content\/uploads\/2021\/02\/vamoosh-do-czyszczenia-pralek-1.png\",\"width\":551,\"height\":787,\"caption\":\"\u00da\u010dinn\u00fd pr\u00e1\u0161ek na \u010di\u0161t\u011bn\u00ed pra\u010dek od vodn\u00edho kamene, vlas\u016f a srsti\"},{\"@type\":\"BreadcrumbList\",\"@id\":\"https:\/\/vamoosh.eu\/cs\/ukladat\/vamoosh-prasek-na-cisteni-pracek\/#breadcrumb\",\"itemListElement\":[{\"@type\":\"ListItem\",\"position\":1,\"name\":\"Ukl\u00e1dat\",\"item\":\"https:\/\/vamoosh.eu\/cs\/ukladat\/\"},{\"@type\":\"ListItem\",\"position\":2,\"name\":\"Vamoosh pr\u00e1\u0161ek na \u010di\u0161t\u011bn\u00ed pra\u010dek\"}]},{\"@type\":\"WebSite\",\"@id\":\"https:\/\/vamoosh.eu\/#website\",\"url\":\"https:\/\/vamoosh.eu\/\",\"name\":\"VAMOOSH\",\"description\":\"VAMOOSH\",\"publisher\":{\"@id\":\"https:\/\/vamoosh.eu\/#organization\"},\"potentialAction\":[{\"@type\":\"SearchAction\",\"target\":{\"@type\":\"EntryPoint\",\"urlTemplate\":\"https:\/\/vamoosh.eu\/?s={search_term_string}\"},\"query-input\":{\"@type\":\"PropertyValueSpecification\",\"valueRequired\":true,\"valueName\":\"search_term_string\"}}],\"inLanguage\":\"cs\"},{\"@type\":\"Organization\",\"@id\":\"https:\/\/vamoosh.eu\/#organization\",\"name\":\"Vamoosh\",\"alternateName\":\"Vamoosh\",\"url\":\"https:\/\/vamoosh.eu\/\",\"logo\":{\"@type\":\"ImageObject\",\"inLanguage\":\"cs\",\"@id\":\"https:\/\/vamoosh.eu\/#\/schema\/logo\/image\/\",\"url\":\"https:\/\/vamoosh.eu\/wp-content\/uploads\/2022\/04\/vamoosh-logo-paw-print-version.png\",\"contentUrl\":\"https:\/\/vamoosh.eu\/wp-content\/uploads\/2022\/04\/vamoosh-logo-paw-print-version.png\",\"width\":2000,\"height\":826,\"caption\":\"Vamoosh\"},\"image\":{\"@id\":\"https:\/\/vamoosh.eu\/#\/schema\/logo\/image\/\"}}]}<\/script>\n<!-- \/ Yoast SEO plugin. -->","yoast_head_json":{"title":"Vamoosh pr\u00e1\u0161ek na \u010di\u0161t\u011bn\u00ed pra\u010dek - VAMOOSH","robots":{"index":"index","follow":"follow","max-snippet":"max-snippet:-1","max-image-preview":"max-image-preview:large","max-video-preview":"max-video-preview:-1"},"canonical":"https:\/\/vamoosh.eu\/cs\/ukladat\/vamoosh-prasek-na-cisteni-pracek\/","og_locale":"cs_CZ","og_type":"article","og_title":"Vamoosh pr\u00e1\u0161ek na \u010di\u0161t\u011bn\u00ed pra\u010dek - VAMOOSH","og_url":"https:\/\/vamoosh.eu\/cs\/ukladat\/vamoosh-prasek-na-cisteni-pracek\/","og_site_name":"VAMOOSH","article_modified_time":"2026-01-15T14:54:31+00:00","og_image":[{"width":551,"height":787,"url":"https:\/\/vamoosh.eu\/wp-content\/uploads\/2021\/02\/vamoosh-do-czyszczenia-pralek-1.png","type":"image\/png"}],"twitter_card":"summary_large_image","twitter_misc":{"Odhadovan\u00e1 doba \u010dten\u00ed":"1 minuta"},"schema":{"@context":"https:\/\/schema.org","@graph":[{"@type":"WebPage","@id":"https:\/\/vamoosh.eu\/cs\/ukladat\/vamoosh-prasek-na-cisteni-pracek\/","url":"https:\/\/vamoosh.eu\/cs\/ukladat\/vamoosh-prasek-na-cisteni-pracek\/","name":"Vamoosh pr\u00e1\u0161ek na \u010di\u0161t\u011bn\u00ed pra\u010dek - VAMOOSH","isPartOf":{"@id":"https:\/\/vamoosh.eu\/#website"},"primaryImageOfPage":{"@id":"https:\/\/vamoosh.eu\/cs\/ukladat\/vamoosh-prasek-na-cisteni-pracek\/#primaryimage"},"image":{"@id":"https:\/\/vamoosh.eu\/cs\/ukladat\/vamoosh-prasek-na-cisteni-pracek\/#primaryimage"},"thumbnailUrl":"https:\/\/vamoosh.eu\/wp-content\/uploads\/2021\/02\/vamoosh-do-czyszczenia-pralek-1.png","datePublished":"2021-02-27T06:45:41+00:00","dateModified":"2026-01-15T14:54:31+00:00","breadcrumb":{"@id":"https:\/\/vamoosh.eu\/cs\/ukladat\/vamoosh-prasek-na-cisteni-pracek\/#breadcrumb"},"inLanguage":"cs","potentialAction":[{"@type":"ReadAction","target":["https:\/\/vamoosh.eu\/cs\/ukladat\/vamoosh-prasek-na-cisteni-pracek\/"]}]},{"@type":"ImageObject","inLanguage":"cs","@id":"https:\/\/vamoosh.eu\/cs\/ukladat\/vamoosh-prasek-na-cisteni-pracek\/#primaryimage","url":"https:\/\/vamoosh.eu\/wp-content\/uploads\/2021\/02\/vamoosh-do-czyszczenia-pralek-1.png","contentUrl":"https:\/\/vamoosh.eu\/wp-content\/uploads\/2021\/02\/vamoosh-do-czyszczenia-pralek-1.png","width":551,"height":787,"caption":"\u00da\u010dinn\u00fd pr\u00e1\u0161ek na \u010di\u0161t\u011bn\u00ed pra\u010dek od vodn\u00edho kamene, vlas\u016f a srsti"},{"@type":"BreadcrumbList","@id":"https:\/\/vamoosh.eu\/cs\/ukladat\/vamoosh-prasek-na-cisteni-pracek\/#breadcrumb","itemListElement":[{"@type":"ListItem","position":1,"name":"Ukl\u00e1dat","item":"https:\/\/vamoosh.eu\/cs\/ukladat\/"},{"@type":"ListItem","position":2,"name":"Vamoosh pr\u00e1\u0161ek na \u010di\u0161t\u011bn\u00ed pra\u010dek"}]},{"@type":"WebSite","@id":"https:\/\/vamoosh.eu\/#website","url":"https:\/\/vamoosh.eu\/","name":"VAMOOSH","description":"VAMOOSH","publisher":{"@id":"https:\/\/vamoosh.eu\/#organization"},"potentialAction":[{"@type":"SearchAction","target":{"@type":"EntryPoint","urlTemplate":"https:\/\/vamoosh.eu\/?s={search_term_string}"},"query-input":{"@type":"PropertyValueSpecification","valueRequired":true,"valueName":"search_term_string"}}],"inLanguage":"cs"},{"@type":"Organization","@id":"https:\/\/vamoosh.eu\/#organization","name":"Vamoosh","alternateName":"Vamoosh","url":"https:\/\/vamoosh.eu\/","logo":{"@type":"ImageObject","inLanguage":"cs","@id":"https:\/\/vamoosh.eu\/#\/schema\/logo\/image\/","url":"https:\/\/vamoosh.eu\/wp-content\/uploads\/2022\/04\/vamoosh-logo-paw-print-version.png","contentUrl":"https:\/\/vamoosh.eu\/wp-content\/uploads\/2022\/04\/vamoosh-logo-paw-print-version.png","width":2000,"height":826,"caption":"Vamoosh"},"image":{"@id":"https:\/\/vamoosh.eu\/#\/schema\/logo\/image\/"}}]}},"_links":{"self":[{"href":"https:\/\/vamoosh.eu\/cs\/wp-json\/wp\/v2\/product\/2174","targetHints":{"allow":["GET"]}}],"collection":[{"href":"https:\/\/vamoosh.eu\/cs\/wp-json\/wp\/v2\/product"}],"about":[{"href":"https:\/\/vamoosh.eu\/cs\/wp-json\/wp\/v2\/types\/product"}],"replies":[{"embeddable":true,"href":"https:\/\/vamoosh.eu\/cs\/wp-json\/wp\/v2\/comments?post=2174"}],"wp:featuredmedia":[{"embeddable":true,"href":"https:\/\/vamoosh.eu\/cs\/wp-json\/wp\/v2\/media\/1073"}],"wp:attachment":[{"href":"https:\/\/vamoosh.eu\/cs\/wp-json\/wp\/v2\/media?parent=2174"}],"wp:term":[{"taxonomy":"product_brand","embeddable":true,"href":"https:\/\/vamoosh.eu\/cs\/wp-json\/wp\/v2\/product_brand?post=2174"},{"taxonomy":"product_cat","embeddable":true,"href":"https:\/\/vamoosh.eu\/cs\/wp-json\/wp\/v2\/product_cat?post=2174"},{"taxonomy":"product_tag","embeddable":true,"href":"https:\/\/vamoosh.eu\/cs\/wp-json\/wp\/v2\/product_tag?post=2174"}],"curies":[{"name":"wp","href":"https:\/\/api.w.org\/{rel}","templated":true}]}}