{"id":1205,"date":"2021-01-04T10:48:15","date_gmt":"2021-01-04T09:48:15","guid":{"rendered":"https:\/\/vamoosh.eu\/sklep\/prasek-na-odstraneni-chloupku\/"},"modified":"2026-01-15T15:52:19","modified_gmt":"2026-01-15T14:52:19","slug":"prasek-na-odstraneni-chloupku","status":"publish","type":"product","link":"https:\/\/vamoosh.eu\/cs\/ukladat\/prasek-na-odstraneni-chloupku\/","title":{"rendered":"Pr\u00e1\u0161ek na odstran\u011bn\u00ed chloupk\u016f"},"content":{"rendered":"","protected":false},"excerpt":{"rendered":"<p>3 s\u00e1\u010dky na 3 pran\u00ed<\/p>\n","protected":false},"featured_media":1083,"comment_status":"open","ping_status":"closed","template":"","meta":{"_acf_changed":false,"inline_featured_image":false},"product_brand":[],"product_cat":[49],"product_tag":[],"class_list":{"0":"post-1205","1":"product","2":"type-product","3":"status-publish","4":"has-post-thumbnail","6":"product_cat-sady","8":"first","9":"instock","10":"taxable","11":"shipping-taxable","12":"product-type-simple"},"acf":[],"yoast_head":"<!-- This site is optimized with the Yoast SEO plugin v26.7 - https:\/\/yoast.com\/wordpress\/plugins\/seo\/ -->\n<title>Pr\u00e1\u0161ek na odstran\u011bn\u00ed chloupk\u016f - VAMOOSH<\/title>\n<meta name=\"description\" content=\"\u017divot je prost\u011b jednodu\u0161\u0161\u00ed! Nastav\u00edte pra\u010dku a nasypete pr\u00e1\u0161ek Vamoosh, kter\u00fd b\u011bhem pran\u00ed odstran\u00ed zv\u00ed\u0159ec\u00ed chlupy a chlupy. Vynikaj\u00edc\u00ed!\" \/>\n<meta name=\"robots\" content=\"index, follow, max-snippet:-1, max-image-preview:large, max-video-preview:-1\" \/>\n<link rel=\"canonical\" href=\"https:\/\/vamoosh.eu\/cs\/ukladat\/prasek-na-odstraneni-chloupku\/\" \/>\n<meta property=\"og:locale\" content=\"cs_CZ\" \/>\n<meta property=\"og:type\" content=\"article\" \/>\n<meta property=\"og:title\" content=\"Pr\u00e1\u0161ek na odstran\u011bn\u00ed chloupk\u016f - VAMOOSH\" \/>\n<meta property=\"og:description\" content=\"\u017divot je prost\u011b jednodu\u0161\u0161\u00ed! Nastav\u00edte pra\u010dku a nasypete pr\u00e1\u0161ek Vamoosh, kter\u00fd b\u011bhem pran\u00ed odstran\u00ed zv\u00ed\u0159ec\u00ed chlupy a chlupy. Vynikaj\u00edc\u00ed!\" \/>\n<meta property=\"og:url\" content=\"https:\/\/vamoosh.eu\/cs\/ukladat\/prasek-na-odstraneni-chloupku\/\" \/>\n<meta property=\"og:site_name\" content=\"VAMOOSH\" \/>\n<meta property=\"article:modified_time\" content=\"2026-01-15T14:52:19+00:00\" \/>\n<meta property=\"og:image\" content=\"https:\/\/vamoosh.eu\/wp-content\/uploads\/2021\/03\/vamoosh-proszek-do-usuwania-siersci-zwierzat-z-poslan-legowisk-pralek.png\" \/>\n\t<meta property=\"og:image:width\" content=\"448\" \/>\n\t<meta property=\"og:image:height\" content=\"734\" \/>\n\t<meta property=\"og:image:type\" content=\"image\/png\" \/>\n<meta name=\"twitter:card\" content=\"summary_large_image\" \/>\n<meta name=\"twitter:label1\" content=\"Odhadovan\u00e1 doba \u010dten\u00ed\" \/>\n\t<meta name=\"twitter:data1\" content=\"1 minuta\" \/>\n<script type=\"application\/ld+json\" class=\"yoast-schema-graph\">{\"@context\":\"https:\/\/schema.org\",\"@graph\":[{\"@type\":\"WebPage\",\"@id\":\"https:\/\/vamoosh.eu\/cs\/ukladat\/prasek-na-odstraneni-chloupku\/\",\"url\":\"https:\/\/vamoosh.eu\/cs\/ukladat\/prasek-na-odstraneni-chloupku\/\",\"name\":\"Pr\u00e1\u0161ek na odstran\u011bn\u00ed chloupk\u016f - VAMOOSH\",\"isPartOf\":{\"@id\":\"https:\/\/vamoosh.eu\/#website\"},\"primaryImageOfPage\":{\"@id\":\"https:\/\/vamoosh.eu\/cs\/ukladat\/prasek-na-odstraneni-chloupku\/#primaryimage\"},\"image\":{\"@id\":\"https:\/\/vamoosh.eu\/cs\/ukladat\/prasek-na-odstraneni-chloupku\/#primaryimage\"},\"thumbnailUrl\":\"https:\/\/vamoosh.eu\/wp-content\/uploads\/2021\/03\/vamoosh-proszek-do-usuwania-siersci-zwierzat-z-poslan-legowisk-pralek.png\",\"datePublished\":\"2021-01-04T09:48:15+00:00\",\"dateModified\":\"2026-01-15T14:52:19+00:00\",\"description\":\"\u017divot je prost\u011b jednodu\u0161\u0161\u00ed! Nastav\u00edte pra\u010dku a nasypete pr\u00e1\u0161ek Vamoosh, kter\u00fd b\u011bhem pran\u00ed odstran\u00ed zv\u00ed\u0159ec\u00ed chlupy a chlupy. Vynikaj\u00edc\u00ed!\",\"breadcrumb\":{\"@id\":\"https:\/\/vamoosh.eu\/cs\/ukladat\/prasek-na-odstraneni-chloupku\/#breadcrumb\"},\"inLanguage\":\"cs\",\"potentialAction\":[{\"@type\":\"ReadAction\",\"target\":[\"https:\/\/vamoosh.eu\/cs\/ukladat\/prasek-na-odstraneni-chloupku\/\"]}]},{\"@type\":\"ImageObject\",\"inLanguage\":\"cs\",\"@id\":\"https:\/\/vamoosh.eu\/cs\/ukladat\/prasek-na-odstraneni-chloupku\/#primaryimage\",\"url\":\"https:\/\/vamoosh.eu\/wp-content\/uploads\/2021\/03\/vamoosh-proszek-do-usuwania-siersci-zwierzat-z-poslan-legowisk-pralek.png\",\"contentUrl\":\"https:\/\/vamoosh.eu\/wp-content\/uploads\/2021\/03\/vamoosh-proszek-do-usuwania-siersci-zwierzat-z-poslan-legowisk-pralek.png\",\"width\":448,\"height\":734,\"caption\":\"VAMOOSH je \u00fa\u010dinn\u00fd pr\u00e1\u0161ek na odstra\u0148ov\u00e1n\u00ed zv\u00ed\u0159ec\u00edch chlup\u016f z l\u016f\u017ekovin, postel\u00ed, pra\u010dek\"},{\"@type\":\"BreadcrumbList\",\"@id\":\"https:\/\/vamoosh.eu\/cs\/ukladat\/prasek-na-odstraneni-chloupku\/#breadcrumb\",\"itemListElement\":[{\"@type\":\"ListItem\",\"position\":1,\"name\":\"Ukl\u00e1dat\",\"item\":\"https:\/\/vamoosh.eu\/cs\/ukladat\/\"},{\"@type\":\"ListItem\",\"position\":2,\"name\":\"Pr\u00e1\u0161ek na odstran\u011bn\u00ed chloupk\u016f\"}]},{\"@type\":\"WebSite\",\"@id\":\"https:\/\/vamoosh.eu\/#website\",\"url\":\"https:\/\/vamoosh.eu\/\",\"name\":\"VAMOOSH\",\"description\":\"VAMOOSH\",\"publisher\":{\"@id\":\"https:\/\/vamoosh.eu\/#organization\"},\"potentialAction\":[{\"@type\":\"SearchAction\",\"target\":{\"@type\":\"EntryPoint\",\"urlTemplate\":\"https:\/\/vamoosh.eu\/?s={search_term_string}\"},\"query-input\":{\"@type\":\"PropertyValueSpecification\",\"valueRequired\":true,\"valueName\":\"search_term_string\"}}],\"inLanguage\":\"cs\"},{\"@type\":\"Organization\",\"@id\":\"https:\/\/vamoosh.eu\/#organization\",\"name\":\"Vamoosh\",\"alternateName\":\"Vamoosh\",\"url\":\"https:\/\/vamoosh.eu\/\",\"logo\":{\"@type\":\"ImageObject\",\"inLanguage\":\"cs\",\"@id\":\"https:\/\/vamoosh.eu\/#\/schema\/logo\/image\/\",\"url\":\"https:\/\/vamoosh.eu\/wp-content\/uploads\/2022\/04\/vamoosh-logo-paw-print-version.png\",\"contentUrl\":\"https:\/\/vamoosh.eu\/wp-content\/uploads\/2022\/04\/vamoosh-logo-paw-print-version.png\",\"width\":2000,\"height\":826,\"caption\":\"Vamoosh\"},\"image\":{\"@id\":\"https:\/\/vamoosh.eu\/#\/schema\/logo\/image\/\"}}]}<\/script>\n<!-- \/ Yoast SEO plugin. -->","yoast_head_json":{"title":"Pr\u00e1\u0161ek na odstran\u011bn\u00ed chloupk\u016f - VAMOOSH","description":"\u017divot je prost\u011b jednodu\u0161\u0161\u00ed! Nastav\u00edte pra\u010dku a nasypete pr\u00e1\u0161ek Vamoosh, kter\u00fd b\u011bhem pran\u00ed odstran\u00ed zv\u00ed\u0159ec\u00ed chlupy a chlupy. Vynikaj\u00edc\u00ed!","robots":{"index":"index","follow":"follow","max-snippet":"max-snippet:-1","max-image-preview":"max-image-preview:large","max-video-preview":"max-video-preview:-1"},"canonical":"https:\/\/vamoosh.eu\/cs\/ukladat\/prasek-na-odstraneni-chloupku\/","og_locale":"cs_CZ","og_type":"article","og_title":"Pr\u00e1\u0161ek na odstran\u011bn\u00ed chloupk\u016f - VAMOOSH","og_description":"\u017divot je prost\u011b jednodu\u0161\u0161\u00ed! Nastav\u00edte pra\u010dku a nasypete pr\u00e1\u0161ek Vamoosh, kter\u00fd b\u011bhem pran\u00ed odstran\u00ed zv\u00ed\u0159ec\u00ed chlupy a chlupy. Vynikaj\u00edc\u00ed!","og_url":"https:\/\/vamoosh.eu\/cs\/ukladat\/prasek-na-odstraneni-chloupku\/","og_site_name":"VAMOOSH","article_modified_time":"2026-01-15T14:52:19+00:00","og_image":[{"width":448,"height":734,"url":"https:\/\/vamoosh.eu\/wp-content\/uploads\/2021\/03\/vamoosh-proszek-do-usuwania-siersci-zwierzat-z-poslan-legowisk-pralek.png","type":"image\/png"}],"twitter_card":"summary_large_image","twitter_misc":{"Odhadovan\u00e1 doba \u010dten\u00ed":"1 minuta"},"schema":{"@context":"https:\/\/schema.org","@graph":[{"@type":"WebPage","@id":"https:\/\/vamoosh.eu\/cs\/ukladat\/prasek-na-odstraneni-chloupku\/","url":"https:\/\/vamoosh.eu\/cs\/ukladat\/prasek-na-odstraneni-chloupku\/","name":"Pr\u00e1\u0161ek na odstran\u011bn\u00ed chloupk\u016f - VAMOOSH","isPartOf":{"@id":"https:\/\/vamoosh.eu\/#website"},"primaryImageOfPage":{"@id":"https:\/\/vamoosh.eu\/cs\/ukladat\/prasek-na-odstraneni-chloupku\/#primaryimage"},"image":{"@id":"https:\/\/vamoosh.eu\/cs\/ukladat\/prasek-na-odstraneni-chloupku\/#primaryimage"},"thumbnailUrl":"https:\/\/vamoosh.eu\/wp-content\/uploads\/2021\/03\/vamoosh-proszek-do-usuwania-siersci-zwierzat-z-poslan-legowisk-pralek.png","datePublished":"2021-01-04T09:48:15+00:00","dateModified":"2026-01-15T14:52:19+00:00","description":"\u017divot je prost\u011b jednodu\u0161\u0161\u00ed! Nastav\u00edte pra\u010dku a nasypete pr\u00e1\u0161ek Vamoosh, kter\u00fd b\u011bhem pran\u00ed odstran\u00ed zv\u00ed\u0159ec\u00ed chlupy a chlupy. Vynikaj\u00edc\u00ed!","breadcrumb":{"@id":"https:\/\/vamoosh.eu\/cs\/ukladat\/prasek-na-odstraneni-chloupku\/#breadcrumb"},"inLanguage":"cs","potentialAction":[{"@type":"ReadAction","target":["https:\/\/vamoosh.eu\/cs\/ukladat\/prasek-na-odstraneni-chloupku\/"]}]},{"@type":"ImageObject","inLanguage":"cs","@id":"https:\/\/vamoosh.eu\/cs\/ukladat\/prasek-na-odstraneni-chloupku\/#primaryimage","url":"https:\/\/vamoosh.eu\/wp-content\/uploads\/2021\/03\/vamoosh-proszek-do-usuwania-siersci-zwierzat-z-poslan-legowisk-pralek.png","contentUrl":"https:\/\/vamoosh.eu\/wp-content\/uploads\/2021\/03\/vamoosh-proszek-do-usuwania-siersci-zwierzat-z-poslan-legowisk-pralek.png","width":448,"height":734,"caption":"VAMOOSH je \u00fa\u010dinn\u00fd pr\u00e1\u0161ek na odstra\u0148ov\u00e1n\u00ed zv\u00ed\u0159ec\u00edch chlup\u016f z l\u016f\u017ekovin, postel\u00ed, pra\u010dek"},{"@type":"BreadcrumbList","@id":"https:\/\/vamoosh.eu\/cs\/ukladat\/prasek-na-odstraneni-chloupku\/#breadcrumb","itemListElement":[{"@type":"ListItem","position":1,"name":"Ukl\u00e1dat","item":"https:\/\/vamoosh.eu\/cs\/ukladat\/"},{"@type":"ListItem","position":2,"name":"Pr\u00e1\u0161ek na odstran\u011bn\u00ed chloupk\u016f"}]},{"@type":"WebSite","@id":"https:\/\/vamoosh.eu\/#website","url":"https:\/\/vamoosh.eu\/","name":"VAMOOSH","description":"VAMOOSH","publisher":{"@id":"https:\/\/vamoosh.eu\/#organization"},"potentialAction":[{"@type":"SearchAction","target":{"@type":"EntryPoint","urlTemplate":"https:\/\/vamoosh.eu\/?s={search_term_string}"},"query-input":{"@type":"PropertyValueSpecification","valueRequired":true,"valueName":"search_term_string"}}],"inLanguage":"cs"},{"@type":"Organization","@id":"https:\/\/vamoosh.eu\/#organization","name":"Vamoosh","alternateName":"Vamoosh","url":"https:\/\/vamoosh.eu\/","logo":{"@type":"ImageObject","inLanguage":"cs","@id":"https:\/\/vamoosh.eu\/#\/schema\/logo\/image\/","url":"https:\/\/vamoosh.eu\/wp-content\/uploads\/2022\/04\/vamoosh-logo-paw-print-version.png","contentUrl":"https:\/\/vamoosh.eu\/wp-content\/uploads\/2022\/04\/vamoosh-logo-paw-print-version.png","width":2000,"height":826,"caption":"Vamoosh"},"image":{"@id":"https:\/\/vamoosh.eu\/#\/schema\/logo\/image\/"}}]}},"_links":{"self":[{"href":"https:\/\/vamoosh.eu\/cs\/wp-json\/wp\/v2\/product\/1205","targetHints":{"allow":["GET"]}}],"collection":[{"href":"https:\/\/vamoosh.eu\/cs\/wp-json\/wp\/v2\/product"}],"about":[{"href":"https:\/\/vamoosh.eu\/cs\/wp-json\/wp\/v2\/types\/product"}],"replies":[{"embeddable":true,"href":"https:\/\/vamoosh.eu\/cs\/wp-json\/wp\/v2\/comments?post=1205"}],"wp:featuredmedia":[{"embeddable":true,"href":"https:\/\/vamoosh.eu\/cs\/wp-json\/wp\/v2\/media\/1083"}],"wp:attachment":[{"href":"https:\/\/vamoosh.eu\/cs\/wp-json\/wp\/v2\/media?parent=1205"}],"wp:term":[{"taxonomy":"product_brand","embeddable":true,"href":"https:\/\/vamoosh.eu\/cs\/wp-json\/wp\/v2\/product_brand?post=1205"},{"taxonomy":"product_cat","embeddable":true,"href":"https:\/\/vamoosh.eu\/cs\/wp-json\/wp\/v2\/product_cat?post=1205"},{"taxonomy":"product_tag","embeddable":true,"href":"https:\/\/vamoosh.eu\/cs\/wp-json\/wp\/v2\/product_tag?post=1205"}],"curies":[{"name":"wp","href":"https:\/\/api.w.org\/{rel}","templated":true}]}}