{"id":6207,"date":"2026-01-15T08:33:41","date_gmt":"2026-01-15T07:33:41","guid":{"rendered":"https:\/\/vamoosh.eu\/slozeni\/"},"modified":"2026-01-15T08:33:46","modified_gmt":"2026-01-15T07:33:46","slug":"slozeni","status":"publish","type":"page","link":"https:\/\/vamoosh.eu\/cs\/slozeni\/","title":{"rendered":"Slo\u017een\u00ed"},"content":{"rendered":"\n<h1 class=\"wp-block-heading\" id=\"skladniki-proszkow-vamoosh\">Slo\u017een\u00ed pr\u00e1\u0161ku Vamoosh<\/h1>\n\n<h2 class=\"wp-block-heading\" id=\"lista-skladnikow-proszku-vamoosh-do-usuwania-siersci-podczas-prania-phd\">Seznam slo\u017eek pr\u00e1\u0161ku na odstra\u0148ov\u00e1n\u00ed chloupk\u016f Vamoosh (PHD)<\/h2>\n\n<p><\/p>\n\n<ul class=\"wp-block-list\"><li>Sodium Percarbonate<\/li><li>Sodium Carbonate<\/li><li>Sodium Metasilicate<\/li><li>Tetraacetylethylenediamine<\/li><li>Pareth-7<\/li><li>Sodium Chloride<\/li><li>Tetrasodium Etidronate<\/li><li>Blend of silica and dimethicone<\/li><li>Parfum<\/li><\/ul>\n\n<h2 class=\"wp-block-heading\" id=\"lista-skladnikow-proszku-vamoosh-do-czyszczenia-pralek-wmc\">Seznam slo\u017eek \u010disti\u010de pra\u010dek Vamoosh (WMC)<\/h2>\n\n<p><\/p>\n\n<ul class=\"wp-block-list\"><li>Sodium Percarbonate<\/li><li>Sodium Carbonate<\/li><li>Sodium Metasilicate<\/li><li>Tetraacetylethylenediamine<\/li><li>Pareth-7<\/li><li>Sodium Chloride<\/li><li>Tetrasodium Etidronate<\/li><li>Blend of silica and dimethicone<\/li><li>6-(phthalimido)peroxyhexanoic acid<\/li><li>Parfum<\/li><\/ul>\n","protected":false},"excerpt":{"rendered":"<p>Slo\u017een\u00ed pr\u00e1\u0161ku Vamoosh Seznam slo\u017eek pr\u00e1\u0161ku na odstra\u0148ov\u00e1n\u00ed chloupk\u016f Vamoosh (PHD) Sodium Percarbonate Sodium Carbonate Sodium Metasilicate Tetraacetylethylenediamine Pareth-7 Sodium Chloride Tetrasodium Etidronate Blend of silica and dimethicone Parfum Seznam slo\u017eek \u010disti\u010de pra\u010dek Vamoosh (WMC) Sodium Percarbonate Sodium Carbonate Sodium Metasilicate Tetraacetylethylenediamine Pareth-7 Sodium Chloride Tetrasodium Etidronate Blend of silica and dimethicone 6-(phthalimido)peroxyhexanoic acid Parfum<\/p>\n","protected":false},"author":1,"featured_media":0,"parent":0,"menu_order":0,"comment_status":"closed","ping_status":"closed","template":"","meta":{"_acf_changed":false,"inline_featured_image":false,"footnotes":""},"class_list":["post-6207","page","type-page","status-publish","hentry"],"acf":[],"yoast_head":"<!-- This site is optimized with the Yoast SEO plugin v26.7 - https:\/\/yoast.com\/wordpress\/plugins\/seo\/ -->\n<title>Slo\u017een\u00ed - VAMOOSH<\/title>\n<meta name=\"description\" content=\"Shop VAMOOSH jsou pr\u00e1\u0161ky, kter\u00e9 \u010dist\u00ed pra\u010dku a b\u011bhem pran\u00ed rozpou\u0161t\u011bj\u00ed srst a vlasy. Nav\u0161tivte - Slo\u017een\u00ed. Vamoosh v\u00e1m usnadn\u00ed \u017eivot.\" \/>\n<meta name=\"robots\" content=\"index, follow, max-snippet:-1, max-image-preview:large, max-video-preview:-1\" \/>\n<link rel=\"canonical\" href=\"https:\/\/vamoosh.eu\/cs\/slozeni\/\" \/>\n<meta property=\"og:locale\" content=\"cs_CZ\" \/>\n<meta property=\"og:type\" content=\"article\" \/>\n<meta property=\"og:title\" content=\"Slo\u017een\u00ed - VAMOOSH\" \/>\n<meta property=\"og:description\" content=\"Shop VAMOOSH jsou pr\u00e1\u0161ky, kter\u00e9 \u010dist\u00ed pra\u010dku a b\u011bhem pran\u00ed rozpou\u0161t\u011bj\u00ed srst a vlasy. Nav\u0161tivte - Slo\u017een\u00ed. Vamoosh v\u00e1m usnadn\u00ed \u017eivot.\" \/>\n<meta property=\"og:url\" content=\"https:\/\/vamoosh.eu\/cs\/slozeni\/\" \/>\n<meta property=\"og:site_name\" content=\"VAMOOSH\" \/>\n<meta property=\"article:modified_time\" content=\"2026-01-15T07:33:46+00:00\" \/>\n<meta property=\"og:image\" content=\"https:\/\/vamoosh.eu\/wp-content\/uploads\/2022\/04\/vamoosh-logo-paw-print-version.png\" \/>\n\t<meta property=\"og:image:width\" content=\"2000\" \/>\n\t<meta property=\"og:image:height\" content=\"826\" \/>\n\t<meta property=\"og:image:type\" content=\"image\/png\" \/>\n<meta name=\"twitter:card\" content=\"summary_large_image\" \/>\n<script type=\"application\/ld+json\" class=\"yoast-schema-graph\">{\"@context\":\"https:\/\/schema.org\",\"@graph\":[{\"@type\":\"WebPage\",\"@id\":\"https:\/\/vamoosh.eu\/cs\/slozeni\/\",\"url\":\"https:\/\/vamoosh.eu\/cs\/slozeni\/\",\"name\":\"Slo\u017een\u00ed - VAMOOSH\",\"isPartOf\":{\"@id\":\"https:\/\/vamoosh.eu\/#website\"},\"datePublished\":\"2026-01-15T07:33:41+00:00\",\"dateModified\":\"2026-01-15T07:33:46+00:00\",\"description\":\"Shop VAMOOSH jsou pr\u00e1\u0161ky, kter\u00e9 \u010dist\u00ed pra\u010dku a b\u011bhem pran\u00ed rozpou\u0161t\u011bj\u00ed srst a vlasy. Nav\u0161tivte - Slo\u017een\u00ed. Vamoosh v\u00e1m usnadn\u00ed \u017eivot.\",\"inLanguage\":\"cs\",\"potentialAction\":[{\"@type\":\"ReadAction\",\"target\":[\"https:\/\/vamoosh.eu\/cs\/slozeni\/\"]}]},{\"@type\":\"WebSite\",\"@id\":\"https:\/\/vamoosh.eu\/#website\",\"url\":\"https:\/\/vamoosh.eu\/\",\"name\":\"VAMOOSH\",\"description\":\"VAMOOSH\",\"publisher\":{\"@id\":\"https:\/\/vamoosh.eu\/#organization\"},\"potentialAction\":[{\"@type\":\"SearchAction\",\"target\":{\"@type\":\"EntryPoint\",\"urlTemplate\":\"https:\/\/vamoosh.eu\/?s={search_term_string}\"},\"query-input\":{\"@type\":\"PropertyValueSpecification\",\"valueRequired\":true,\"valueName\":\"search_term_string\"}}],\"inLanguage\":\"cs\"},{\"@type\":\"Organization\",\"@id\":\"https:\/\/vamoosh.eu\/#organization\",\"name\":\"Vamoosh\",\"alternateName\":\"Vamoosh\",\"url\":\"https:\/\/vamoosh.eu\/\",\"logo\":{\"@type\":\"ImageObject\",\"inLanguage\":\"cs\",\"@id\":\"https:\/\/vamoosh.eu\/#\/schema\/logo\/image\/\",\"url\":\"https:\/\/vamoosh.eu\/wp-content\/uploads\/2022\/04\/vamoosh-logo-paw-print-version.png\",\"contentUrl\":\"https:\/\/vamoosh.eu\/wp-content\/uploads\/2022\/04\/vamoosh-logo-paw-print-version.png\",\"width\":2000,\"height\":826,\"caption\":\"Vamoosh\"},\"image\":{\"@id\":\"https:\/\/vamoosh.eu\/#\/schema\/logo\/image\/\"}}]}<\/script>\n<!-- \/ Yoast SEO plugin. -->","yoast_head_json":{"title":"Slo\u017een\u00ed - VAMOOSH","description":"Shop VAMOOSH jsou pr\u00e1\u0161ky, kter\u00e9 \u010dist\u00ed pra\u010dku a b\u011bhem pran\u00ed rozpou\u0161t\u011bj\u00ed srst a vlasy. Nav\u0161tivte - Slo\u017een\u00ed. Vamoosh v\u00e1m usnadn\u00ed \u017eivot.","robots":{"index":"index","follow":"follow","max-snippet":"max-snippet:-1","max-image-preview":"max-image-preview:large","max-video-preview":"max-video-preview:-1"},"canonical":"https:\/\/vamoosh.eu\/cs\/slozeni\/","og_locale":"cs_CZ","og_type":"article","og_title":"Slo\u017een\u00ed - VAMOOSH","og_description":"Shop VAMOOSH jsou pr\u00e1\u0161ky, kter\u00e9 \u010dist\u00ed pra\u010dku a b\u011bhem pran\u00ed rozpou\u0161t\u011bj\u00ed srst a vlasy. Nav\u0161tivte - Slo\u017een\u00ed. Vamoosh v\u00e1m usnadn\u00ed \u017eivot.","og_url":"https:\/\/vamoosh.eu\/cs\/slozeni\/","og_site_name":"VAMOOSH","article_modified_time":"2026-01-15T07:33:46+00:00","og_image":[{"width":2000,"height":826,"url":"https:\/\/vamoosh.eu\/wp-content\/uploads\/2022\/04\/vamoosh-logo-paw-print-version.png","type":"image\/png"}],"twitter_card":"summary_large_image","schema":{"@context":"https:\/\/schema.org","@graph":[{"@type":"WebPage","@id":"https:\/\/vamoosh.eu\/cs\/slozeni\/","url":"https:\/\/vamoosh.eu\/cs\/slozeni\/","name":"Slo\u017een\u00ed - VAMOOSH","isPartOf":{"@id":"https:\/\/vamoosh.eu\/#website"},"datePublished":"2026-01-15T07:33:41+00:00","dateModified":"2026-01-15T07:33:46+00:00","description":"Shop VAMOOSH jsou pr\u00e1\u0161ky, kter\u00e9 \u010dist\u00ed pra\u010dku a b\u011bhem pran\u00ed rozpou\u0161t\u011bj\u00ed srst a vlasy. Nav\u0161tivte - Slo\u017een\u00ed. Vamoosh v\u00e1m usnadn\u00ed \u017eivot.","inLanguage":"cs","potentialAction":[{"@type":"ReadAction","target":["https:\/\/vamoosh.eu\/cs\/slozeni\/"]}]},{"@type":"WebSite","@id":"https:\/\/vamoosh.eu\/#website","url":"https:\/\/vamoosh.eu\/","name":"VAMOOSH","description":"VAMOOSH","publisher":{"@id":"https:\/\/vamoosh.eu\/#organization"},"potentialAction":[{"@type":"SearchAction","target":{"@type":"EntryPoint","urlTemplate":"https:\/\/vamoosh.eu\/?s={search_term_string}"},"query-input":{"@type":"PropertyValueSpecification","valueRequired":true,"valueName":"search_term_string"}}],"inLanguage":"cs"},{"@type":"Organization","@id":"https:\/\/vamoosh.eu\/#organization","name":"Vamoosh","alternateName":"Vamoosh","url":"https:\/\/vamoosh.eu\/","logo":{"@type":"ImageObject","inLanguage":"cs","@id":"https:\/\/vamoosh.eu\/#\/schema\/logo\/image\/","url":"https:\/\/vamoosh.eu\/wp-content\/uploads\/2022\/04\/vamoosh-logo-paw-print-version.png","contentUrl":"https:\/\/vamoosh.eu\/wp-content\/uploads\/2022\/04\/vamoosh-logo-paw-print-version.png","width":2000,"height":826,"caption":"Vamoosh"},"image":{"@id":"https:\/\/vamoosh.eu\/#\/schema\/logo\/image\/"}}]}},"_links":{"self":[{"href":"https:\/\/vamoosh.eu\/cs\/wp-json\/wp\/v2\/pages\/6207","targetHints":{"allow":["GET"]}}],"collection":[{"href":"https:\/\/vamoosh.eu\/cs\/wp-json\/wp\/v2\/pages"}],"about":[{"href":"https:\/\/vamoosh.eu\/cs\/wp-json\/wp\/v2\/types\/page"}],"author":[{"embeddable":true,"href":"https:\/\/vamoosh.eu\/cs\/wp-json\/wp\/v2\/users\/1"}],"replies":[{"embeddable":true,"href":"https:\/\/vamoosh.eu\/cs\/wp-json\/wp\/v2\/comments?post=6207"}],"version-history":[{"count":3,"href":"https:\/\/vamoosh.eu\/cs\/wp-json\/wp\/v2\/pages\/6207\/revisions"}],"predecessor-version":[{"id":6210,"href":"https:\/\/vamoosh.eu\/cs\/wp-json\/wp\/v2\/pages\/6207\/revisions\/6210"}],"wp:attachment":[{"href":"https:\/\/vamoosh.eu\/cs\/wp-json\/wp\/v2\/media?parent=6207"}],"curies":[{"name":"wp","href":"https:\/\/api.w.org\/{rel}","templated":true}]}}