{"id":6205,"date":"2026-01-15T08:24:32","date_gmt":"2026-01-15T07:24:32","guid":{"rendered":"https:\/\/vamoosh.eu\/bezpecnostni-politika\/"},"modified":"2026-01-15T08:24:32","modified_gmt":"2026-01-15T07:24:32","slug":"bezpecnostni-politika","status":"publish","type":"page","link":"https:\/\/vamoosh.eu\/cs\/bezpecnostni-politika\/","title":{"rendered":"Bezpe\u010dnostn\u00ed politika"},"content":{"rendered":"\n<h1 class=\"wp-block-heading\">Politika informa\u010dn\u00ed bezpe\u010dnosti<\/h1>\n\n<p>v INNOVATORS Sp\u00f3\u0142ka z ograniczon\u0105 odpowiedzialno\u015bci\u0105 se s\u00eddlem v Przemy\u015blu (37-700) na ul. Bogus\u0142awskiego 13, zapsan\u00e1 v rejst\u0159\u00edku podnikatel\u016f N\u00e1rodn\u00edho soudn\u00edho rejst\u0159\u00edku pod \u010d\u00edslem 0000859053, da\u0148ov\u00e9 identifika\u010dn\u00ed \u010d\u00edslo (NIP): 7010996482.<\/p>\n\n<h4 class=\"wp-block-heading\">Datum p\u0159\u00edpravy: 2. srpna 2021<\/h4>\n\n<p>Tato Politika informa\u010dn\u00ed bezpe\u010dnosti, d\u00e1le jen \u201ePolitika\u201c, byla vypracov\u00e1na za \u00fa\u010delem prok\u00e1z\u00e1n\u00ed, \u017ee osobn\u00ed \u00fadaje shroma\u017e\u010fovan\u00e9 Spr\u00e1vcem jsou zpracov\u00e1v\u00e1ny a zabezpe\u010deny v souladu s pr\u00e1vn\u00edmi po\u017eadavky t\u00fdkaj\u00edc\u00edmi se z\u00e1sad zpracov\u00e1n\u00ed a zabezpe\u010den\u00ed \u00fadaj\u016f ve Spole\u010dnosti, v\u010detn\u011b Na\u0159\u00edzen\u00ed Evropsk\u00e9ho parlamentu a Rady (EU) 2016\/679 ze dne 27. dubna 2016 o ochran\u011b fyzick\u00fdch osob v souvislosti se zpracov\u00e1n\u00edm osobn\u00edch \u00fadaj\u016f a o voln\u00e9m pohybu t\u011bchto \u00fadaj\u016f a o zru\u0161en\u00ed sm\u011brnice 95\/46\/ES (d\u00e1le jen \u201eGDPR\u201c).<\/p>\n\n<h2 class=\"wp-block-heading\">Definice:<\/h2>\n\n<ol class=\"wp-block-list\">\n<li><strong>Spr\u00e1vce \u00fadaj\u016f<\/strong>INNOVATORS, spole\u010dnost s ru\u010den\u00edm omezen\u00fdm, se s\u00eddlem v P\u0159emy\u0161li (37-700), ul. Bogus\u0142awskiego 13, zapsan\u00e1 v obchodn\u00edm rejst\u0159\u00edku N\u00e1rodn\u00edho soudn\u00edho rejst\u0159\u00edku pod \u010d\u00edslem 0000859053, da\u0148ov\u00e9 identifika\u010dn\u00ed \u010d\u00edslo (NIP): 7010996482.<\/li>\n\n\n\n<li><strong>Osobn\u00ed \u00fadaje<\/strong>\u2013 jak\u00e9koli informace t\u00fdkaj\u00edc\u00ed se identifikovan\u00e9 nebo identifikovateln\u00e9 fyzick\u00e9 osoby.<\/li>\n\n\n\n<li><strong>IT syst\u00e9m<\/strong> \u2013 soubor spolupracuj\u00edc\u00edch za\u0159\u00edzen\u00ed, program\u016f, postup\u016f pro zpracov\u00e1n\u00ed informac\u00ed a softwarov\u00fdch n\u00e1stroj\u016f pou\u017e\u00edvan\u00fdch pro zpracov\u00e1n\u00ed dat.<\/li>\n\n\n\n<li><strong>U\u017eivatel<\/strong> \u2013 osoba pov\u011b\u0159en\u00e1 spr\u00e1vcem \u00fadaj\u016f ke zpracov\u00e1n\u00ed osobn\u00edch \u00fadaj\u016f.<\/li>\n\n\n\n<li><strong>Soubor dat<\/strong> \u2013 jak\u00fdkoli strukturovan\u00fd soubor osobn\u00edch \u00fadaj\u016f dostupn\u00fd podle specifick\u00fdch krit\u00e9ri\u00ed.<\/li>\n\n\n\n<li><strong>Zpracov\u00e1n\u00ed \u00fadaj\u016f<\/strong> \u2013 jak\u00e9koli operace prov\u00e1d\u011bn\u00e9 s osobn\u00edmi \u00fadaji, jako je shroma\u017e\u010fov\u00e1n\u00ed, zaznamen\u00e1v\u00e1n\u00ed, ukl\u00e1d\u00e1n\u00ed, vyv\u00edjen\u00ed, zm\u011bna, sd\u00edlen\u00ed a maz\u00e1n\u00ed v tradi\u010dn\u00ed form\u011b a v IT syst\u00e9mech.<\/li>\n\n\n\n<li><strong>ID u\u017eivatele<\/strong> \u2013 posloupnost p\u00edsmen, \u010d\u00edslic nebo jin\u00fdch znak\u016f, kter\u00e1 jednozna\u010dn\u011b identifikuje osobu opr\u00e1vn\u011bnou ke zpracov\u00e1n\u00ed osobn\u00edch \u00fadaj\u016f v IT syst\u00e9mu (U\u017eivatel) v p\u0159\u00edpad\u011b zpracov\u00e1n\u00ed osobn\u00edch \u00fadaj\u016f v takov\u00e9m syst\u00e9mu.<\/li>\n\n\n\n<li><strong>Heslo <\/strong>\u2013 posloupnost p\u00edsmen, \u010d\u00edslic nebo jin\u00fdch znak\u016f, zn\u00e1m\u00e1 pouze osob\u011b opr\u00e1vn\u011bn\u00e9 k pr\u00e1ci v IT syst\u00e9mu (U\u017eivatel) v p\u0159\u00edpad\u011b zpracov\u00e1n\u00ed osobn\u00edch \u00fadaj\u016f v takov\u00e9m syst\u00e9mu.<\/li>\n\n\n\n<li><strong>Autentizace<\/strong> \u2013 akce zam\u011b\u0159en\u00e1 na ov\u011b\u0159en\u00ed deklarovan\u00e9 identity entity (u\u017eivatele).<\/li>\n<\/ol>\n\n<h2 class=\"wp-block-heading\">I. Obecn\u00e1 ustanoven\u00ed.<\/h2>\n\n<ol class=\"wp-block-list\">\n<li>Tyto Z\u00e1sady se vztahuj\u00ed na v\u0161echny Osobn\u00ed \u00fadaje zpracov\u00e1van\u00e9 ve spole\u010dnosti INNOVATORS Sp\u00f3\u0142ka z o. o., bez ohledu na formu jejich zpracov\u00e1n\u00ed (tradi\u010dn\u011b zpracov\u00e1van\u00e9 soubory z\u00e1znam\u016f, IT syst\u00e9my) a na to, zda jsou nebo mohou b\u00fdt \u00fadaje zpracov\u00e1v\u00e1ny v datov\u00fdch souborech.<\/li>\n\n\n\n<li>Z\u00e1sady jsou ulo\u017eeny v elektronick\u00e9 a pap\u00edrov\u00e9 verzi v kancel\u00e1\u0159i Spr\u00e1vce.<\/li>\n\n\n\n<li>Z\u00e1sady jsou zp\u0159\u00edstupn\u011bny k nahl\u00e9dnut\u00ed osob\u00e1m opr\u00e1vn\u011bn\u00fdm ke zpracov\u00e1n\u00ed osobn\u00edch \u00fadaj\u016f na jejich \u017e\u00e1dost, jako\u017e i osob\u00e1m, kter\u00e9 maj\u00ed b\u00fdt opr\u00e1vn\u011bny ke zpracov\u00e1n\u00ed osobn\u00edch \u00fadaj\u016f, za \u00fa\u010delem sezn\u00e1men\u00ed se s jejich obsahem.<\/li>\n\n\n\n<li>Pro efektivn\u00ed implementaci Z\u00e1sad Spr\u00e1vce \u00fadaj\u016f zaji\u0161\u0165uje:\n<ol class=\"wp-block-list\">\n<li>technick\u00e1 opat\u0159en\u00ed a organiza\u010dn\u00ed \u0159e\u0161en\u00ed odpov\u00eddaj\u00edc\u00ed hrozb\u00e1m a kategori\u00edm chr\u00e1n\u011bn\u00fdch \u00fadaj\u016f,<\/li>\n\n\n\n<li>kontrola a dohled nad zpracov\u00e1n\u00edm osobn\u00edch \u00fadaj\u016f,<\/li>\n\n\n\n<li>sledov\u00e1n\u00ed uplat\u0148ovan\u00fdch ochrann\u00fdch opat\u0159en\u00ed.<\/li>\n<\/ol>\n<\/li>\n\n\n\n<li>Monitorov\u00e1n\u00ed pou\u017eit\u00fdch bezpe\u010dnostn\u00edch opat\u0159en\u00ed ze strany Spr\u00e1vce \u00fadaj\u016f zahrnuje mimo jin\u00e9 aktivity U\u017eivatel\u016f, poru\u0161ov\u00e1n\u00ed pravidel p\u0159\u00edstupu k dat\u016fm, zaji\u0161t\u011bn\u00ed integrity soubor\u016f a ochranu p\u0159ed vn\u011bj\u0161\u00edmi a vnit\u0159n\u00edmi \u00fatoky.<\/li>\n\n\n\n<li>Spr\u00e1vce \u00fadaj\u016f zaji\u0161\u0165uje, aby \u010dinnosti prov\u00e1d\u011bn\u00e9 v souvislosti se zpracov\u00e1n\u00edm a ochranou osobn\u00edch \u00fadaj\u016f byly v souladu s t\u011bmito z\u00e1sadami a p\u0159\u00edslu\u0161n\u00fdmi pr\u00e1vn\u00edmi ustanoven\u00edmi.<\/li>\n<\/ol>\n\n<h2 class=\"wp-block-heading\">II. Osobn\u00ed \u00fadaje zpracov\u00e1van\u00e9 spr\u00e1vcem \u00fadaj\u016f.<\/h2>\n\n<ol class=\"wp-block-list\">\n<li>Osobn\u00ed \u00fadaj zpracov\u00e1van\u00e9 spr\u00e1vcem \u00fadaj\u016f jsou shroma\u017e\u010fov\u00e1ny v datov\u00fdch sad\u00e1ch.<\/li>\n\n\n\n<li>Spr\u00e1vce \u00fadaj\u016f neprov\u00e1d\u00ed \u010dinnosti zpracov\u00e1n\u00ed, kter\u00e9 by s sebou nesly v\u00e1\u017enou pravd\u011bpodobnost vysok\u00e9ho rizika pro pr\u00e1va a svobody fyzick\u00fdch osob. Pokud jsou takov\u00e9 \u010dinnosti pl\u00e1nov\u00e1ny, provede \u010dinnosti uveden\u00e9 v \u010dl\u00e1nku 35 a n\u00e1sl. GDPR.<\/li>\n\n\n\n<li>P\u0159i pl\u00e1nov\u00e1n\u00ed nov\u00fdch \u010dinnost\u00ed zpracov\u00e1n\u00ed Spr\u00e1vce analyzuje jejich vliv na ochranu osobn\u00edch \u00fadaj\u016f a b\u011bhem f\u00e1ze jejich n\u00e1vrhu zohled\u0148uje ot\u00e1zky ochrany \u00fadaj\u016f.<\/li>\n\n\n\n<li>Spr\u00e1vce \u00fadaj\u016f vede registr \u010dinnost\u00ed zpracov\u00e1n\u00ed.<\/li>\n<\/ol>\n\n<h2 class=\"wp-block-heading\">III. Povinnosti a odpov\u011bdnosti v oblasti \u0159\u00edzen\u00ed bezpe\u010dnosti.<\/h2>\n\n<ol class=\"wp-block-list\">\n<li>V\u0161echny osoby jsou povinny zpracov\u00e1vat osobn\u00ed \u00fadaje v souladu s platn\u00fdmi p\u0159edpisy, zejm\u00e9na s GDPR, z\u00e1konem ze dne 10. kv\u011btna 2018 o ochran\u011b osobn\u00edch \u00fadaj\u016f (Sb\u00edrka z\u00e1kon\u016f z roku 2018, polo\u017eka 1000, ve zn\u011bn\u00ed pozd\u011bj\u0161\u00edch p\u0159edpis\u016f) a v souladu s bezpe\u010dnostn\u00ed politikou stanovenou spr\u00e1vcem \u00fadaj\u016f, pokyny pro spr\u00e1vu IT syst\u00e9mu, jako\u017e i dal\u0161\u00edmi intern\u00edmi dokumenty a postupy souvisej\u00edc\u00edmi se zpracov\u00e1n\u00edm osobn\u00edch \u00fadaj\u016f ve spole\u010dnosti INNOVATORS sp. z o. o.<\/li>\n\n\n\n<li>Ve\u0161ker\u00e9 osobn\u00ed \u00fadaje ve spole\u010dnosti INNOVATORS sp. z o. o. jsou zpracov\u00e1v\u00e1ny v souladu se z\u00e1sadami zpracov\u00e1n\u00ed stanoven\u00fdmi z\u00e1konem:\n<ol class=\"wp-block-list\">\n<li>V ka\u017ed\u00e9m p\u0159\u00edpad\u011b je p\u0159\u00edtomen alespo\u0148 jeden z pr\u00e1vn\u00edch z\u00e1klad\u016f pro zpracov\u00e1n\u00ed \u00fadaj\u016f,<\/li>\n\n\n\n<li>Data jsou zpracov\u00e1v\u00e1na spolehliv\u011b a transparentn\u011b,<\/li>\n\n\n\n<li>Osobn\u00ed \u00fadaje jsou shroma\u017e\u010fov\u00e1ny pro konkr\u00e9tn\u00ed, v\u00fdslovn\u011b uveden\u00e9 a legitimn\u00ed \u00fa\u010dely a nejsou d\u00e1le zpracov\u00e1v\u00e1ny zp\u016fsobem, kter\u00fd je s t\u011bmito \u00fa\u010dely neslu\u010diteln\u00fd.<\/li>\n\n\n\n<li>Osobn\u00ed \u00fadaje jsou zpracov\u00e1v\u00e1ny pouze v rozsahu nezbytn\u00e9m k dosa\u017een\u00ed \u00fa\u010delu zpracov\u00e1n\u00ed \u00fadaj\u016f,<\/li>\n\n\n\n<li>Osobn\u00ed \u00fadaje jsou p\u0159esn\u00e9 a aktualizovan\u00e9 dle pot\u0159eby,<\/li>\n\n\n\n<li>Doba uchov\u00e1v\u00e1n\u00ed \u00fadaj\u016f je omezena na dobu jejich pou\u017eitelnosti pro \u00fa\u010dely, pro kter\u00e9 byly shrom\u00e1\u017ed\u011bny, a po uplynut\u00ed t\u00e9to doby budou anonymizov\u00e1ny nebo smaz\u00e1ny.<\/li>\n\n\n\n<li>Informa\u010dn\u00ed povinnost je v\u016f\u010di subjektu \u00fadaj\u016f spln\u011bna v souladu s \u010dl\u00e1nky 13 a 14 GDPR,<\/li>\n\n\n\n<li>Data jsou chr\u00e1n\u011bna p\u0159ed poru\u0161en\u00edm pravidel ochrany osobn\u00edch \u00fadaj\u016f.<\/li>\n<\/ol>\n<\/li>\n\n\n\n<li>Za poru\u0161en\u00ed nebo pokus o poru\u0161en\u00ed z\u00e1sad zpracov\u00e1n\u00ed a ochrany osobn\u00edch \u00fadaj\u016f se pova\u017euje zejm\u00e9na:\n<ol class=\"wp-block-list\">\n<li>naru\u0161en\u00ed bezpe\u010dnosti IT syst\u00e9m\u016f, ve kter\u00fdch jsou osobn\u00ed \u00fadaje zpracov\u00e1v\u00e1ny, pokud jsou v takov\u00fdch syst\u00e9mech zpracov\u00e1v\u00e1ny;<\/li>\n\n\n\n<li>zp\u0159\u00edstupn\u011bn\u00ed \u00fadaj\u016f nebo umo\u017en\u011bn\u00ed jejich zp\u0159\u00edstupn\u011bn\u00ed neopr\u00e1vn\u011bn\u00fdm osob\u00e1m nebo subjekt\u016fm;<\/li>\n\n\n\n<li>nedodr\u017een\u00ed povinnosti chr\u00e1nit osobn\u00ed \u00fadaje, a to i ne\u00famysln\u00e9;<\/li>\n\n\n\n<li>nedodr\u017een\u00ed povinnosti zachov\u00e1vat ml\u010denlivost o osobn\u00edch \u00fadaj\u00edch a zp\u016fsob\u016f jejich zabezpe\u010den\u00ed;<\/li>\n\n\n\n<li>zpracov\u00e1n\u00ed Osobn\u00edch \u00fadaj\u016f v rozporu se zam\u00fd\u0161len\u00fdm rozsahem a \u00fa\u010delem jejich shroma\u017e\u010fov\u00e1n\u00ed;<\/li>\n\n\n\n<li>zp\u016fsoben\u00ed po\u0161kozen\u00ed, ztr\u00e1ty, nekontrolovan\u00e9 zm\u011bny nebo neopr\u00e1vn\u011bn\u00e9ho kop\u00edrov\u00e1n\u00ed Osobn\u00edch \u00fadaj\u016f;<\/li>\n\n\n\n<li>poru\u0161en\u00ed pr\u00e1v osob, jejich\u017e \u00fadaje jsou zpracov\u00e1v\u00e1ny.<\/li>\n<\/ol>\n<\/li>\n\n\n\n<li>Pokud jsou zji\u0161t\u011bny okolnosti poru\u0161en\u00ed pravidel ochrany osobn\u00edch \u00fadaj\u016f, je U\u017eivatel povinen podniknout ve\u0161ker\u00e9 nezbytn\u00e9 kroky k omezen\u00ed dopad\u016f poru\u0161en\u00ed a neprodlen\u011b o tom informovat Spr\u00e1vce \u00fadaj\u016f.<\/li>\n<\/ol>\n\n<h2 class=\"wp-block-heading\">IV. Oblast zpracov\u00e1n\u00ed osobn\u00edch \u00fadaj\u016f.<\/h2>\n\n<ol class=\"wp-block-list\">\n<li>Oblast, ve kter\u00e9 jsou osobn\u00ed \u00fadaje zpracov\u00e1v\u00e1ny v prostor\u00e1ch spole\u010dnosti INNOVATORS sp. z o. o., zahrnuje kancel\u00e1\u0159sk\u00e9 prostory internetov\u00e9ho obchodu nach\u00e1zej\u00edc\u00ed se v budov\u011b na adrese ul. Bogus\u0142awskiego 13 v P\u0159emy\u0161li (37-700).<\/li>\n\n\n\n<li>Seznam budov, m\u00edstnost\u00ed nebo \u010d\u00e1st\u00ed m\u00edstnost\u00ed tvo\u0159\u00edc\u00edch prostor, ve kter\u00e9m Spr\u00e1vce zpracov\u00e1v\u00e1 osobn\u00ed \u00fadaje, tvo\u0159\u00ed p\u0159\u00edlohu t\u011bchto Bezpe\u010dnostn\u00edch z\u00e1sad.<\/li>\n\n\n\n<li>Oblast, ve kter\u00e9 jsou osobn\u00ed \u00fadaje zpracov\u00e1v\u00e1ny, zahrnuje tak\u00e9 v\u0161echny p\u0159enosn\u00e9 po\u010d\u00edta\u010de a dal\u0161\u00ed nosi\u010de dat nach\u00e1zej\u00edc\u00ed se mimo v\u00fd\u0161e uvedenou oblast.<\/li>\n<\/ol>\n\n<h2 class=\"wp-block-heading\">V. Definov\u00e1n\u00ed technick\u00fdch a organiza\u010dn\u00edch opat\u0159en\u00ed nezbytn\u00fdch k zaji\u0161t\u011bn\u00ed d\u016fv\u011brnosti, integrity a odpov\u011bdnosti zpracov\u00e1van\u00fdch \u00fadaj\u016f.<\/h2>\n\n<ol class=\"wp-block-list\">\n<li>Spr\u00e1vce \u00fadaj\u016f zaji\u0161\u0165uje pou\u017eit\u00ed technick\u00fdch a organiza\u010dn\u00edch opat\u0159en\u00ed nezbytn\u00fdch k zaji\u0161t\u011bn\u00ed d\u016fv\u011brnosti, integrity, odpov\u011bdnosti a kontinuity zpracov\u00e1van\u00fdch \u00fadaj\u016f.<\/li>\n\n\n\n<li>Pou\u017eit\u00e1 bezpe\u010dnostn\u00ed opat\u0159en\u00ed (technick\u00e1 a organiza\u010dn\u00ed) by m\u011bla b\u00fdt p\u0159im\u011b\u0159en\u00e1 zji\u0161t\u011bn\u00e9 \u00farovni rizika pro jednotliv\u00e9 syst\u00e9my, typy soubor\u016f a kategorie dat. Tato opat\u0159en\u00ed zahrnuj\u00ed:\n<ol class=\"wp-block-list\">\n<li>Vstup do m\u00edstnost\u00ed, kde se zpracov\u00e1vaj\u00ed osobn\u00ed \u00fadaje, je omezen pouze na opr\u00e1vn\u011bn\u00e9 osoby. Ostatn\u00ed osoby mohou vstupovat do m\u00edstnost\u00ed pou\u017e\u00edvan\u00fdch ke zpracov\u00e1n\u00ed \u00fadaj\u016f pouze v doprovodu opr\u00e1vn\u011bn\u00e9 osoby.<\/li>\n\n\n\n<li>Uzam\u010den\u00ed m\u00edstnost\u00ed tvo\u0159\u00edc\u00edch oblast zpracov\u00e1n\u00ed osobn\u00edch \u00fadaj\u016f uvedenou v bod\u011b IV v\u00fd\u0161e kl\u00ed\u010dem b\u011bhem nep\u0159\u00edtomnosti zam\u011bstnanc\u016f tak, aby se zabr\u00e1nilo p\u0159\u00edstupu t\u0159et\u00edch stran k nim.<\/li>\n\n\n\n<li>Pou\u017e\u00edv\u00e1n\u00ed sk\u0159\u00edn\u00ed a trezor\u016f uzamykateln\u00fdch kl\u00ed\u010dem k zabezpe\u010den\u00ed dokument\u016f.<\/li>\n\n\n\n<li>Pou\u017eit\u00ed skartova\u010dky k efektivn\u00edmu odstran\u011bn\u00ed dokument\u016f obsahuj\u00edc\u00edch osobn\u00ed \u00fadaje.<\/li>\n\n\n\n<li>Ochrana lok\u00e1ln\u00ed s\u00edt\u011b p\u0159ed aktivitami iniciovan\u00fdmi zven\u010d\u00ed pomoc\u00ed s\u00ed\u0165ov\u00e9ho firewallu.<\/li>\n\n\n\n<li>Vytv\u00e1\u0159en\u00ed nouzov\u00fdch kopi\u00ed dat na extern\u00edch disc\u00edch.<\/li>\n\n\n\n<li>Ochrana po\u010d\u00edta\u010dov\u00e9ho vybaven\u00ed pou\u017e\u00edvan\u00e9ho spr\u00e1vcem p\u0159ed \u0161kodliv\u00fdm softwarem pomoc\u00ed antivirov\u00fdch program\u016f.<\/li>\n\n\n\n<li>Zabezpe\u010den\u00ed p\u0159\u00edstupu k za\u0159\u00edzen\u00edm internetov\u00e9ho obchodu pomoc\u00ed hesel pro p\u0159\u00edstup k t\u011bmto za\u0159\u00edzen\u00edm.<\/li>\n\n\n\n<li>Pou\u017eit\u00ed \u0161ifrov\u00e1n\u00ed dat b\u011bhem p\u0159enosu.<\/li>\n\n\n\n<li>Zahrnut\u00ed klauzule do obsahu odes\u00edlan\u00fdch zpr\u00e1v informuj\u00edc\u00ed o d\u016fv\u011brnosti odes\u00edlan\u00e9 korespondence.<\/li>\n\n\n\n<li>M\u00edstnosti, ve kter\u00fdch jsou zpracov\u00e1v\u00e1ny osobn\u00ed \u00fadaje, jsou ukl\u00edzeny za p\u0159\u00edtomnosti opr\u00e1vn\u011bn\u00fdch osob.<\/li>\n<\/ol>\n<\/li>\n<\/ol>\n\n<h2 class=\"wp-block-heading\">VI. Sv\u011b\u0159en\u00ed zpracov\u00e1n\u00ed osobn\u00edch \u00fadaj\u016f<\/h2>\n\n<ol class=\"wp-block-list\">\n<li>Spr\u00e1vce osobn\u00edch \u00fadaj\u016f m\u016f\u017ee sv\u011b\u0159it zpracov\u00e1n\u00ed osobn\u00edch \u00fadaj\u016f jin\u00e9mu subjektu pouze p\u00edsemnou smlouvou, a to v souladu s po\u017eadavky stanoven\u00fdmi pro takov\u00e9 smlouvy v \u010dl\u00e1nku 28 GDPR.<\/li>\n\n\n\n<li>P\u0159ed sv\u011b\u0159en\u00edm zpracov\u00e1n\u00ed osobn\u00edch \u00fadaj\u016f si Spr\u00e1vce, pokud je to mo\u017en\u00e9, z\u00edsk\u00e1 informace o aktu\u00e1ln\u00edch postupech zpracovatele v oblasti ochrany osobn\u00edch \u00fadaj\u016f.<\/li>\n<\/ol>\n\n<h2 class=\"wp-block-heading\">VII. Poru\u0161en\u00ed pravidel ochrany osobn\u00edch \u00fadaj\u016f<\/h2>\n\n<ol class=\"wp-block-list\">\n<li>Pokud je zji\u0161t\u011bno poru\u0161en\u00ed ochrany osobn\u00edch \u00fadaj\u016f, Spr\u00e1vce posoud\u00ed, zda poru\u0161en\u00ed mohlo v\u00e9st k riziku poru\u0161en\u00ed pr\u00e1v nebo svobod fyzick\u00fdch osob.<\/li>\n\n\n\n<li>V jak\u00e9koli situaci, kdy poru\u0161en\u00ed mohlo v\u00e9st k riziku pro pr\u00e1va nebo svobody fyzick\u00fdch osob, Spr\u00e1vce bez zbyte\u010dn\u00e9ho odkladu \u2013 pokud je to provediteln\u00e9, nejpozd\u011bji do 72 hodin od zji\u0161t\u011bn\u00ed poru\u0161en\u00ed \u2013 ozn\u00e1m\u00ed poru\u0161en\u00ed z\u00e1sad ochrany osobn\u00edch \u00fadaj\u016f dozorov\u00e9mu org\u00e1nu. Podrobn\u00fd postup, kter\u00fd je t\u0159eba dodr\u017eet v p\u0159\u00edpad\u011b poru\u0161en\u00ed nebo podez\u0159en\u00ed na poru\u0161en\u00ed ochrany osobn\u00edch \u00fadaj\u016f, je stanoven v dokumentu s n\u00e1zvem \u201ePostupy pro \u0159e\u0161en\u00ed poru\u0161en\u00ed ochrany osobn\u00edch \u00fadaj\u016f\u201c, zat\u00edmco vzor pro hl\u00e1\u0161en\u00ed je uveden v dokumentu s n\u00e1zvem \u201eHl\u00e1\u0161en\u00ed incidentu poru\u0161en\u00ed ochrany osobn\u00edch \u00fadaj\u016f\u201c, kter\u00e9 oba vypracoval Spr\u00e1vce.<\/li>\n\n\n\n<li>Pokud je riziko poru\u0161en\u00ed pr\u00e1v a svobod vysok\u00e9, Spr\u00e1vce o incidentu informuje i subjekt \u00fadaj\u016f.<\/li>\n<\/ol>\n\n<h2 class=\"wp-block-heading\">VIII. P\u0159ed\u00e1v\u00e1n\u00ed \u00fadaj\u016f do t\u0159et\u00ed zem\u011b<\/h2>\n\n<p>Spr\u00e1vce osobn\u00edch \u00fadaj\u016f nep\u0159ed\u00e1 osobn\u00ed \u00fadaje do t\u0159et\u00ed zem\u011b, s v\u00fdjimkou p\u0159\u00edpad\u016f, kdy k tomu dojde na \u017e\u00e1dost subjektu \u00fadaj\u016f.<\/p>\n\n<h2 class=\"wp-block-heading\">IX. Z\u00e1v\u011bre\u010dn\u00e1 ustanoven\u00ed<\/h2>\n\n<p>Za nedodr\u017een\u00ed povinnost\u00ed vypl\u00fdvaj\u00edc\u00edch z tohoto dokumentu nese zpracovatel odpov\u011bdnost podle z\u00e1kona o ochran\u011b osobn\u00edch \u00fadaj\u016f a trestn\u00edho z\u00e1kon\u00edku ve vztahu k osobn\u00edm \u00fadaj\u016fm, na kter\u00e9 se vztahuje profesn\u00ed tajemstv\u00ed.<\/p>\n","protected":false},"excerpt":{"rendered":"<p>Politika informa\u010dn\u00ed bezpe\u010dnosti v INNOVATORS Sp\u00f3\u0142ka z ograniczon\u0105 odpowiedzialno\u015bci\u0105 se s\u00eddlem v Przemy\u015blu (37-700) na ul. Bogus\u0142awskiego 13, zapsan\u00e1 v rejst\u0159\u00edku podnikatel\u016f N\u00e1rodn\u00edho soudn\u00edho rejst\u0159\u00edku pod \u010d\u00edslem 0000859053, da\u0148ov\u00e9 identifika\u010dn\u00ed \u010d\u00edslo (NIP): 7010996482. Datum p\u0159\u00edpravy: 2. srpna 2021 Tato Politika informa\u010dn\u00ed bezpe\u010dnosti, d\u00e1le jen \u201ePolitika\u201c, byla vypracov\u00e1na za \u00fa\u010delem prok\u00e1z\u00e1n\u00ed, \u017ee osobn\u00ed \u00fadaje shroma\u017e\u010fovan\u00e9 Spr\u00e1vcem [&hellip;]<\/p>\n","protected":false},"author":1,"featured_media":0,"parent":0,"menu_order":0,"comment_status":"closed","ping_status":"closed","template":"","meta":{"_acf_changed":false,"inline_featured_image":false,"footnotes":""},"class_list":["post-6205","page","type-page","status-publish","hentry"],"acf":[],"yoast_head":"<!-- This site is optimized with the Yoast SEO plugin v26.7 - https:\/\/yoast.com\/wordpress\/plugins\/seo\/ -->\n<title>Bezpe\u010dnostn\u00ed politika - VAMOOSH<\/title>\n<meta name=\"description\" content=\"Shop VAMOOSH jsou pr\u00e1\u0161ky, kter\u00e9 \u010dist\u00ed pra\u010dku a b\u011bhem pran\u00ed rozpou\u0161t\u011bj\u00ed srst a vlasy. Nav\u0161tivte - Bezpe\u010dnostn\u00ed politika. Vamoosh v\u00e1m usnadn\u00ed \u017eivot.\" \/>\n<meta name=\"robots\" content=\"index, follow, max-snippet:-1, max-image-preview:large, max-video-preview:-1\" \/>\n<link rel=\"canonical\" href=\"https:\/\/vamoosh.eu\/cs\/bezpecnostni-politika\/\" \/>\n<meta property=\"og:locale\" content=\"cs_CZ\" \/>\n<meta property=\"og:type\" content=\"article\" \/>\n<meta property=\"og:title\" content=\"Bezpe\u010dnostn\u00ed politika - VAMOOSH\" \/>\n<meta property=\"og:description\" content=\"Shop VAMOOSH jsou pr\u00e1\u0161ky, kter\u00e9 \u010dist\u00ed pra\u010dku a b\u011bhem pran\u00ed rozpou\u0161t\u011bj\u00ed srst a vlasy. Nav\u0161tivte - Bezpe\u010dnostn\u00ed politika. Vamoosh v\u00e1m usnadn\u00ed \u017eivot.\" \/>\n<meta property=\"og:url\" content=\"https:\/\/vamoosh.eu\/cs\/bezpecnostni-politika\/\" \/>\n<meta property=\"og:site_name\" content=\"VAMOOSH\" \/>\n<meta property=\"og:image\" content=\"https:\/\/vamoosh.eu\/wp-content\/uploads\/2022\/04\/vamoosh-logo-paw-print-version.png\" \/>\n\t<meta property=\"og:image:width\" content=\"2000\" \/>\n\t<meta property=\"og:image:height\" content=\"826\" \/>\n\t<meta property=\"og:image:type\" content=\"image\/png\" \/>\n<meta name=\"twitter:card\" content=\"summary_large_image\" \/>\n<meta name=\"twitter:label1\" content=\"Odhadovan\u00e1 doba \u010dten\u00ed\" \/>\n\t<meta name=\"twitter:data1\" content=\"10 minut\" \/>\n<script type=\"application\/ld+json\" class=\"yoast-schema-graph\">{\"@context\":\"https:\/\/schema.org\",\"@graph\":[{\"@type\":\"WebPage\",\"@id\":\"https:\/\/vamoosh.eu\/cs\/bezpecnostni-politika\/\",\"url\":\"https:\/\/vamoosh.eu\/cs\/bezpecnostni-politika\/\",\"name\":\"Bezpe\u010dnostn\u00ed politika - VAMOOSH\",\"isPartOf\":{\"@id\":\"https:\/\/vamoosh.eu\/#website\"},\"datePublished\":\"2026-01-15T07:24:32+00:00\",\"description\":\"Shop VAMOOSH jsou pr\u00e1\u0161ky, kter\u00e9 \u010dist\u00ed pra\u010dku a b\u011bhem pran\u00ed rozpou\u0161t\u011bj\u00ed srst a vlasy. Nav\u0161tivte - Bezpe\u010dnostn\u00ed politika. Vamoosh v\u00e1m usnadn\u00ed \u017eivot.\",\"inLanguage\":\"cs\",\"potentialAction\":[{\"@type\":\"ReadAction\",\"target\":[\"https:\/\/vamoosh.eu\/cs\/bezpecnostni-politika\/\"]}]},{\"@type\":\"WebSite\",\"@id\":\"https:\/\/vamoosh.eu\/#website\",\"url\":\"https:\/\/vamoosh.eu\/\",\"name\":\"VAMOOSH\",\"description\":\"VAMOOSH\",\"publisher\":{\"@id\":\"https:\/\/vamoosh.eu\/#organization\"},\"potentialAction\":[{\"@type\":\"SearchAction\",\"target\":{\"@type\":\"EntryPoint\",\"urlTemplate\":\"https:\/\/vamoosh.eu\/?s={search_term_string}\"},\"query-input\":{\"@type\":\"PropertyValueSpecification\",\"valueRequired\":true,\"valueName\":\"search_term_string\"}}],\"inLanguage\":\"cs\"},{\"@type\":\"Organization\",\"@id\":\"https:\/\/vamoosh.eu\/#organization\",\"name\":\"Vamoosh\",\"alternateName\":\"Vamoosh\",\"url\":\"https:\/\/vamoosh.eu\/\",\"logo\":{\"@type\":\"ImageObject\",\"inLanguage\":\"cs\",\"@id\":\"https:\/\/vamoosh.eu\/#\/schema\/logo\/image\/\",\"url\":\"https:\/\/vamoosh.eu\/wp-content\/uploads\/2022\/04\/vamoosh-logo-paw-print-version.png\",\"contentUrl\":\"https:\/\/vamoosh.eu\/wp-content\/uploads\/2022\/04\/vamoosh-logo-paw-print-version.png\",\"width\":2000,\"height\":826,\"caption\":\"Vamoosh\"},\"image\":{\"@id\":\"https:\/\/vamoosh.eu\/#\/schema\/logo\/image\/\"}}]}<\/script>\n<!-- \/ Yoast SEO plugin. -->","yoast_head_json":{"title":"Bezpe\u010dnostn\u00ed politika - VAMOOSH","description":"Shop VAMOOSH jsou pr\u00e1\u0161ky, kter\u00e9 \u010dist\u00ed pra\u010dku a b\u011bhem pran\u00ed rozpou\u0161t\u011bj\u00ed srst a vlasy. Nav\u0161tivte - Bezpe\u010dnostn\u00ed politika. Vamoosh v\u00e1m usnadn\u00ed \u017eivot.","robots":{"index":"index","follow":"follow","max-snippet":"max-snippet:-1","max-image-preview":"max-image-preview:large","max-video-preview":"max-video-preview:-1"},"canonical":"https:\/\/vamoosh.eu\/cs\/bezpecnostni-politika\/","og_locale":"cs_CZ","og_type":"article","og_title":"Bezpe\u010dnostn\u00ed politika - VAMOOSH","og_description":"Shop VAMOOSH jsou pr\u00e1\u0161ky, kter\u00e9 \u010dist\u00ed pra\u010dku a b\u011bhem pran\u00ed rozpou\u0161t\u011bj\u00ed srst a vlasy. Nav\u0161tivte - Bezpe\u010dnostn\u00ed politika. Vamoosh v\u00e1m usnadn\u00ed \u017eivot.","og_url":"https:\/\/vamoosh.eu\/cs\/bezpecnostni-politika\/","og_site_name":"VAMOOSH","og_image":[{"width":2000,"height":826,"url":"https:\/\/vamoosh.eu\/wp-content\/uploads\/2022\/04\/vamoosh-logo-paw-print-version.png","type":"image\/png"}],"twitter_card":"summary_large_image","twitter_misc":{"Odhadovan\u00e1 doba \u010dten\u00ed":"10 minut"},"schema":{"@context":"https:\/\/schema.org","@graph":[{"@type":"WebPage","@id":"https:\/\/vamoosh.eu\/cs\/bezpecnostni-politika\/","url":"https:\/\/vamoosh.eu\/cs\/bezpecnostni-politika\/","name":"Bezpe\u010dnostn\u00ed politika - VAMOOSH","isPartOf":{"@id":"https:\/\/vamoosh.eu\/#website"},"datePublished":"2026-01-15T07:24:32+00:00","description":"Shop VAMOOSH jsou pr\u00e1\u0161ky, kter\u00e9 \u010dist\u00ed pra\u010dku a b\u011bhem pran\u00ed rozpou\u0161t\u011bj\u00ed srst a vlasy. Nav\u0161tivte - Bezpe\u010dnostn\u00ed politika. Vamoosh v\u00e1m usnadn\u00ed \u017eivot.","inLanguage":"cs","potentialAction":[{"@type":"ReadAction","target":["https:\/\/vamoosh.eu\/cs\/bezpecnostni-politika\/"]}]},{"@type":"WebSite","@id":"https:\/\/vamoosh.eu\/#website","url":"https:\/\/vamoosh.eu\/","name":"VAMOOSH","description":"VAMOOSH","publisher":{"@id":"https:\/\/vamoosh.eu\/#organization"},"potentialAction":[{"@type":"SearchAction","target":{"@type":"EntryPoint","urlTemplate":"https:\/\/vamoosh.eu\/?s={search_term_string}"},"query-input":{"@type":"PropertyValueSpecification","valueRequired":true,"valueName":"search_term_string"}}],"inLanguage":"cs"},{"@type":"Organization","@id":"https:\/\/vamoosh.eu\/#organization","name":"Vamoosh","alternateName":"Vamoosh","url":"https:\/\/vamoosh.eu\/","logo":{"@type":"ImageObject","inLanguage":"cs","@id":"https:\/\/vamoosh.eu\/#\/schema\/logo\/image\/","url":"https:\/\/vamoosh.eu\/wp-content\/uploads\/2022\/04\/vamoosh-logo-paw-print-version.png","contentUrl":"https:\/\/vamoosh.eu\/wp-content\/uploads\/2022\/04\/vamoosh-logo-paw-print-version.png","width":2000,"height":826,"caption":"Vamoosh"},"image":{"@id":"https:\/\/vamoosh.eu\/#\/schema\/logo\/image\/"}}]}},"_links":{"self":[{"href":"https:\/\/vamoosh.eu\/cs\/wp-json\/wp\/v2\/pages\/6205","targetHints":{"allow":["GET"]}}],"collection":[{"href":"https:\/\/vamoosh.eu\/cs\/wp-json\/wp\/v2\/pages"}],"about":[{"href":"https:\/\/vamoosh.eu\/cs\/wp-json\/wp\/v2\/types\/page"}],"author":[{"embeddable":true,"href":"https:\/\/vamoosh.eu\/cs\/wp-json\/wp\/v2\/users\/1"}],"replies":[{"embeddable":true,"href":"https:\/\/vamoosh.eu\/cs\/wp-json\/wp\/v2\/comments?post=6205"}],"version-history":[{"count":1,"href":"https:\/\/vamoosh.eu\/cs\/wp-json\/wp\/v2\/pages\/6205\/revisions"}],"predecessor-version":[{"id":6206,"href":"https:\/\/vamoosh.eu\/cs\/wp-json\/wp\/v2\/pages\/6205\/revisions\/6206"}],"wp:attachment":[{"href":"https:\/\/vamoosh.eu\/cs\/wp-json\/wp\/v2\/media?parent=6205"}],"curies":[{"name":"wp","href":"https:\/\/api.w.org\/{rel}","templated":true}]}}