{"id":6202,"date":"2026-01-15T08:05:54","date_gmt":"2026-01-15T07:05:54","guid":{"rendered":"https:\/\/vamoosh.eu\/informacni-dolozka-gdpr\/"},"modified":"2026-01-15T08:05:55","modified_gmt":"2026-01-15T07:05:55","slug":"informacni-dolozka-gdpr","status":"publish","type":"page","link":"https:\/\/vamoosh.eu\/cs\/informacni-dolozka-gdpr\/","title":{"rendered":"Informa\u010dn\u00ed dolo\u017eka GDPR"},"content":{"rendered":"\n<h1 class=\"wp-block-heading\"><strong><strong>Informa\u010dn\u00ed dolo\u017eka o zpracov\u00e1n\u00ed osobn\u00edch \u00fadaj\u016f<\/strong><\/strong><\/h1>\n\n<h3 class=\"wp-block-heading\">PRO Z\u00c1KAZN\u00cdKY OBCHODU VAMOOSH.EU SPOLE\u010cNOSTI INNOVATORS SP. Z O.O.<\/h3>\n\n<p>Na z\u00e1klad\u011b \u010dl\u00e1nku 13 odst. 1 a 2 na\u0159\u00edzen\u00ed Evropsk\u00e9ho parlamentu a Rady (EU) 2016\/679 ze dne 27. dubna 2016 o ochran\u011b fyzick\u00fdch osob v souvislosti se zpracov\u00e1n\u00edm osobn\u00edch \u00fadaj\u016f a o voln\u00e9m pohybu t\u011bchto \u00fadaj\u016f a o zru\u0161en\u00ed sm\u011brnice 95\/46\/ES (obecn\u00e9 na\u0159\u00edzen\u00ed o ochran\u011b osobn\u00edch \u00fadaj\u016f), d\u00e1le jen \u201eGDPR\u201c, si V\u00e1s dovolujeme informovat, \u017ee:<\/p>\n\n<h2 class=\"wp-block-heading\">Spr\u00e1vce osobn\u00edch \u00fadaj\u016f<\/h2>\n\n<p>Spr\u00e1vcem va\u0161ich osobn\u00edch \u00fadaj\u016f je INNOVATORS Sp\u00f3\u0142ka z ograniczon\u0105 odpowiedzialno\u015bci\u0105 se s\u00eddlem Przemy\u015bl (37-700), ul. Bogus\u0142awskiego 13, zapsan\u00e1 v rejst\u0159\u00edku podnikatel\u016f N\u00e1rodn\u00edho soudn\u00edho rejst\u0159\u00edku pod \u010d\u00edslem 0000859053, da\u0148ov\u00e9 identifika\u010dn\u00ed \u010d\u00edslo (NIP): 7010996482<\/p>\n\n<p>Kontaktn\u00ed \u00fadaje pro ve\u0161ker\u00e9 z\u00e1le\u017eitosti t\u00fdkaj\u00edc\u00ed se zpracov\u00e1n\u00ed va\u0161ich osobn\u00edch \u00fadaj\u016f:<\/p>\n\n<ul class=\"wp-block-list\">\n<li>po\u0161tou na adresu: INNOVATORS sp. z o.o. ul. Bogus\u0142awskiego 13, 37-700 Przemy\u015bl, s pozn\u00e1mkou &#8222;Osobn\u00ed \u00fadaje&#8220;,<\/li>\n\n\n\n<li>e-mailem na adresu: info@vamoosh.eu<\/li>\n<\/ul>\n\n<h2 class=\"wp-block-heading\">Zdroj va\u0161ich osobn\u00edch \u00fadaj\u016f<\/h2>\n\n<p>Va\u0161e osobn\u00ed \u00fadaje poch\u00e1zej\u00ed z p\u016fvodn\u00edho zdroje, tj. od v\u00e1s, na z\u00e1klad\u011b va\u0161eho souhlasu. Sv\u00e9 osobn\u00ed \u00fadaje n\u00e1m poskytujete:<\/p>\n\n<ul class=\"wp-block-list\">\n<li>b\u011bhem n\u00e1v\u0161t\u011bv na\u0161ich webov\u00fdch str\u00e1nek vamoosh.eu v souvislosti s vytvo\u0159en\u00edm Z\u00e1kaznick\u00e9ho\/U\u017eivatelsk\u00e9ho \u00fa\u010dtu, pod\u00e1n\u00edm objedn\u00e1vky nebo reklamace, odstoupen\u00edm od smlouvy v na\u0161em obchod\u011b, p\u0159ihl\u00e1\u0161en\u00edm k odb\u011bru newsletteru, p\u0159id\u00e1v\u00e1n\u00edm koment\u00e1\u0159\u016f nebo n\u00e1zor\u016f na zbo\u017e\u00ed na webov\u00fdch str\u00e1nk\u00e1ch, uzav\u0159en\u00edm smlouvy o prodeji zbo\u017e\u00ed prost\u0159ednictv\u00edm na\u0161eho internetov\u00e9ho obchodu,<\/li>\n\n\n\n<li>v r\u00e1mci korespondence s n\u00e1mi, po\u0161tou, e-mailem, prost\u0159ednictv\u00edm soci\u00e1ln\u00edch m\u00e9di\u00ed (Facebook, Instagram).<\/li>\n<\/ul>\n\n<p>Zpracov\u00e1v\u00e1me va\u0161e b\u011b\u017en\u00e9 osobn\u00ed \u00fadaje, kter\u00e9 neprodlen\u011b po uplynut\u00ed lh\u016ft uveden\u00fdch v bod\u011b 6 tohoto ozn\u00e1men\u00ed vyma\u017eeme. N\u011bkter\u00e9 informace o v\u00e1s mohou b\u00fdt automaticky shroma\u017e\u010fov\u00e1ny n\u00e1stroji pou\u017e\u00edvan\u00fdmi internetov\u00fdm obchodem na webov\u00fdch str\u00e1nk\u00e1ch, tj.:<\/p>\n\n<ul class=\"wp-block-list\">\n<li>Mechanismus obchodu a syst\u00e9m newsletter\u016f shroma\u017e\u010fuj\u00ed IP adresu z\u00e1kazn\u00edka,<\/li>\n\n\n\n<li>Mechanismus obchodu a syst\u00e9mu newsletter\u016f shroma\u017e\u010fuje informace o produktech, kter\u00e9 si z\u00e1kazn\u00edk prohl\u00ed\u017eel, podrobnosti o zadan\u00fdch objedn\u00e1vk\u00e1ch, v\u010detn\u011b t\u011bch nedokon\u010den\u00fdch,<\/li>\n\n\n\n<li>Mechanismus syst\u00e9mu newsletter\u016f shroma\u017e\u010fuje informace o aktivit\u011b Z\u00e1kazn\u00edka v souvislosti s obsahem zas\u00edlan\u00fdm v r\u00e1mci newsletteru, jako je otev\u00edr\u00e1n\u00ed zpr\u00e1v, klik\u00e1n\u00ed na odkazy atd.<\/li>\n<\/ul>\n\n<h2 class=\"wp-block-heading\">\u00da\u010del zpracov\u00e1n\u00ed va\u0161ich osobn\u00edch \u00fadaj\u016f<\/h2>\n\n<p>Zpracov\u00e1n\u00ed va\u0161ich osobn\u00edch \u00fadaj\u016f je nezbytn\u00e9 pro uzav\u0159en\u00ed a n\u00e1sledn\u00e9 pln\u011bn\u00ed smlouvy s v\u00e1mi uzav\u0159en\u00e9, tj. v souladu s \u010dl\u00e1nkem 6 odst. 1 p\u00edsm. b) GDPR, a to zejm\u00e9na v\u010detn\u011b:<\/p>\n\n<ul class=\"wp-block-list\">\n<li>realizace a realizace online prodeje zbo\u017e\u00ed,<\/li>\n\n\n\n<li>kontaktov\u00e1n\u00ed V\u00e1s v souvislosti s pln\u011bn\u00edm uzav\u0159en\u00e9 smlouvy,<\/li>\n\n\n\n<li>prov\u00e1d\u011bn\u00ed a zaji\u0161\u0165ov\u00e1n\u00ed z\u00e1kaznick\u00e9ho servisu a uzav\u0159en\u00fdch smluv,<\/li>\n\n\n\n<li>doru\u010den\u00ed zakoupen\u00e9ho zbo\u017e\u00ed k v\u00e1m,<\/li>\n\n\n\n<li>identifikace vracej\u00edc\u00edho se z\u00e1kazn\u00edka &#8211; \u010dl\u00e1nek 6 odst. 1 p\u00edsm. f GDPR,<\/li>\n\n\n\n<li>vy\u0159izov\u00e1n\u00ed dotaz\u016f podan\u00fdch Kupuj\u00edc\u00edmi, kter\u00e9 dosud nevedou k uzav\u0159en\u00ed smlouvy &#8211; \u010dl\u00e1nek 6 odst. 1 p\u00edsm. f GDPR,<\/li>\n\n\n\n<li>zas\u00edl\u00e1n\u00ed newsletteru po p\u0159edchoz\u00edm souhlasu &#8211; \u010dl. 6 odst. 1 p\u00edsm. a GDPR,<\/li>\n\n\n\n<li>vy\u0159izov\u00e1n\u00ed koment\u00e1\u0159\u016f nebo n\u00e1zor\u016f na produkt \u2013 \u010dl\u00e1nek 6(1)(a) GDPR,<\/li>\n\n\n\n<li>vy\u0159izov\u00e1n\u00ed korespondence \u2013 \u010dl\u00e1nek 6(1)(f) GDPR,<\/li>\n\n\n\n<li>anal\u00fdza, statistiky a optimalizace \u2013 \u010dl\u00e1nek 6(1)(f) GDPR.<\/li>\n\n\n\n<li>udr\u017eov\u00e1n\u00ed prob\u00edhaj\u00edc\u00edch vztah\u016f.<\/li>\n<\/ul>\n\n<p>Zpracov\u00e1n\u00ed va\u0161ich osobn\u00edch \u00fadaj\u016f je prov\u00e1d\u011bno tak\u00e9 pro n\u00ed\u017ee uveden\u00e9 \u00fa\u010dely, tj. za \u00fa\u010delem spln\u011bn\u00ed z\u00e1konn\u00e9 povinnosti, kter\u00e1 spr\u00e1vci n\u00e1le\u017e\u00ed, tj. v souladu s \u010dl\u00e1nkem 6 odst. 1 p\u00edsm. c) GDPR, a na z\u00e1klad\u011b opr\u00e1vn\u011bn\u00e9ho z\u00e1jmu spr\u00e1vce, tj. v souladu s \u010dl\u00e1nkem 6 odst. 1 p\u00edsm. f) GDPR, kter\u00fdmi jsou:<\/p>\n\n<ul class=\"wp-block-list\">\n<li>uchov\u00e1v\u00e1n\u00ed dat pro archivn\u00ed \u00fa\u010dely a zaji\u0161t\u011bn\u00ed odpov\u011bdnosti (prok\u00e1z\u00e1n\u00ed souladu spole\u010dnosti INNOVATORS Sp. z o.o. s povinnostmi vypl\u00fdvaj\u00edc\u00edmi z pr\u00e1vn\u00edch p\u0159edpis\u016f),<\/li>\n\n\n\n<li>pln\u011bn\u00ed po\u017eadavk\u016f da\u0148ov\u00fdch a \u00fa\u010detn\u00edch p\u0159edpis\u016f, v\u010detn\u011b veden\u00ed da\u0148ov\u00e9 dokumentace a uchov\u00e1v\u00e1n\u00ed \u00fa\u010detn\u00edch z\u00e1znam\u016f,<\/li>\n\n\n\n<li>spln\u011bn\u00ed po\u017eadavk\u016f vypl\u00fdvaj\u00edc\u00edch z jin\u00fdch pod\u00e1v\u00e1n\u00ed zpr\u00e1v,<\/li>\n\n\n\n<li>p\u0159ij\u00edm\u00e1n\u00ed opat\u0159en\u00ed souvisej\u00edc\u00edch s bojem proti pran\u00ed \u0161pinav\u00fdch pen\u011bz a financov\u00e1n\u00ed terorismu,<\/li>\n\n\n\n<li>vym\u00e1h\u00e1n\u00ed a vym\u00e1h\u00e1n\u00ed pohled\u00e1vek, v\u010detn\u011b p\u0159\u00edpravn\u00e9ho a soudn\u00edho \u0159\u00edzen\u00ed.<\/li>\n<\/ul>\n\n<h2 class=\"wp-block-heading\">P\u0159\u00edjemci va\u0161ich osobn\u00edch \u00fadaj\u016f<\/h2>\n\n<p>P\u0159\u00edjemci va\u0161ich osobn\u00edch \u00fadaj\u016f mohou b\u00fdt:<\/p>\n\n<ul class=\"wp-block-list\">\n<li>subjekty, kter\u00fdm spole\u010dnost INNOVATORS Sp. z o.o. sv\u011b\u0159ila zpracov\u00e1n\u00ed osobn\u00edch \u00fadaj\u016f na z\u00e1klad\u011b uzav\u0159en\u00fdch smluv (spolupr\u00e1ce, subdod\u00e1vky a pov\u011b\u0159en\u00ed zpracov\u00e1n\u00edm dat), nap\u0159. poskytovatel\u00e9 slu\u017eeb souvisej\u00edc\u00edch s doru\u010dov\u00e1n\u00edm zbo\u017e\u00ed, dopravn\u00ed spole\u010dnosti, kur\u00fdrn\u00ed spole\u010dnosti, \u00fa\u010detn\u00ed kancel\u00e1\u0159e, poskytovatel\u00e9 IT slu\u017eeb, advok\u00e1tn\u00ed kancel\u00e1\u0159e, poskytovatel\u00e9 hostingu, poskytovatel\u00e9 faktura\u010dn\u00edch syst\u00e9m\u016f, poskytovatel\u00e9 po\u0161tovn\u00edch syst\u00e9m\u016f a dal\u0161\u00edch slu\u017eeb atd.,<\/li>\n\n\n\n<li>org\u00e1ny ve\u0159ejn\u00e9 moci, instituce nebo t\u0159et\u00ed strany opr\u00e1vn\u011bn\u00e9 po\u017eadovat p\u0159\u00edstup k osobn\u00edm \u00fadaj\u016fm nebo je obdr\u017eet podle z\u00e1kona,<\/li>\n\n\n\n<li>subjekty, kter\u00fdm jste ud\u011blili souhlas se zve\u0159ejn\u011bn\u00edm a zpracov\u00e1n\u00edm va\u0161ich osobn\u00edch \u00fadaj\u016f.<\/li>\n<\/ul>\n\n<h2 class=\"wp-block-heading\">P\u0159ed\u00e1v\u00e1n\u00ed osobn\u00edch \u00fadaj\u016f do t\u0159et\u00edch zem\u00ed<\/h2>\n\n<p>Spr\u00e1vce \u00fadaj\u016f nebude va\u0161e osobn\u00ed \u00fadaje p\u0159ed\u00e1vat mimo Polsko, Evropskou unii, Evropsk\u00fd hospod\u00e1\u0159sk\u00fd prostor ani do t\u0159et\u00ed zem\u011b \u010di mezin\u00e1rodn\u00ed organizaci.<\/p>\n\n<h2 class=\"wp-block-heading\">Okres przechowywania danych osobowych<\/h2>\n\n<p>Spr\u00e1vce uchov\u00e1v\u00e1 va\u0161e osobn\u00ed \u00fadaje po dobu nezbytnou k poskytov\u00e1n\u00ed slu\u017eby a po dobu, po kterou lze v souvislosti se slu\u017ebou uplat\u0148ovat n\u00e1roky (zejm\u00e9na do uplynut\u00ed proml\u010dec\u00ed lh\u016fty pro n\u00e1roky souvisej\u00edc\u00ed se smlouvou uzav\u0159enou s v\u00e1mi). Spole\u010dnost INNOVATORS Sp. z o.o. m\u016f\u017ee d\u00e1le uchov\u00e1vat \u00fadaje za \u00fa\u010delem boje proti pran\u00ed \u0161pinav\u00fdch pen\u011bz a financov\u00e1n\u00ed terorismu, pro statistick\u00e9 a archivn\u00ed \u00fa\u010dely, a to po dobu stanovenou z\u00e1konem, po\u010d\u00edt\u00e1no ode dne ukon\u010den\u00ed smlouvy nebo ud\u00e1losti, kter\u00e1 takov\u00e9 zpracov\u00e1n\u00ed vy\u017eaduje. Z\u00e1rove\u0148 budeme pro \u00fa\u010dely odpov\u011bdnosti uchov\u00e1vat \u00fadaje po dobu, po kterou je spole\u010dnost INNOVATORS Sp. z o.o. povinna uchov\u00e1vat \u00fadaje na z\u00e1klad\u011b kogentn\u00edch ustanoven\u00ed (nap\u0159. za \u00fa\u010delem dolo\u017een\u00ed souladu s pr\u00e1vn\u00edmi po\u017eadavky, v\u010detn\u011b umo\u017en\u011bn\u00ed audit\u016f jejich dodr\u017eov\u00e1n\u00ed ze strany org\u00e1n\u016f ve\u0159ejn\u00e9 moci).<\/p>\n\n<h2 class=\"wp-block-heading\"><strong>Va\u0161e pr\u00e1va v souvislosti se zpracov\u00e1n\u00edm osobn\u00edch \u00fadaj\u016f<\/strong><\/h2>\n\n<ol class=\"wp-block-list\">\n<li>pr\u00e1vo na p\u0159\u00edstup k obsahu osobn\u00edch \u00fadaj\u016f, v\u010detn\u011b pr\u00e1va z\u00edskat jejich kopii,<\/li>\n\n\n\n<li>pr\u00e1vo po\u017eadovat opravu (korekci) osobn\u00edch \u00fadaj\u016f \u2013 pokud jsou \u00fadaje nespr\u00e1vn\u00e9 nebo ne\u00fapln\u00e9,<\/li>\n\n\n\n<li>pr\u00e1vo po\u017eadovat v\u00fdmaz osobn\u00edch \u00fadaj\u016f (tzv. pr\u00e1vo b\u00fdt zapomenut),<\/li>\n\n\n\n<li>pr\u00e1vo po\u017eadovat omezen\u00ed zpracov\u00e1n\u00ed osobn\u00edch \u00fadaj\u016f,<\/li>\n\n\n\n<li>pr\u00e1vo na p\u0159enositelnost \u00fadaj\u016f,<\/li>\n\n\n\n<li>pr\u00e1vo vzn\u00e9st n\u00e1mitku proti zpracov\u00e1n\u00ed \u00fadaj\u016f, pokud je zpracov\u00e1n\u00ed zalo\u017eeno na opr\u00e1vn\u011bn\u00e9m z\u00e1jmu nebo pro statistick\u00e9 \u00fa\u010dely a n\u00e1mitka je od\u016fvodn\u011bna konkr\u00e9tn\u00ed situac\u00ed, ve kter\u00e9 se nach\u00e1z\u00edte.<\/li>\n\n\n\n<li>pr\u00e1vo kdykoli odvolat souhlas se zpracov\u00e1n\u00edm osobn\u00edch \u00fadaj\u016f (pokud je zpracov\u00e1n\u00ed zalo\u017eeno na souhlasu subjektu \u00fadaj\u016f dle \u010dl. 6 odst. 1 p\u00edsm. a) GDPR); takov\u00e9 odvol\u00e1n\u00ed nem\u00e1 vliv na soulad zpracov\u00e1n\u00ed prov\u00e1d\u011bn\u00e9ho na z\u00e1klad\u011b souhlasu p\u0159ed jeho odvol\u00e1n\u00edm s platn\u00fdmi pr\u00e1vn\u00edmi p\u0159edpisy.<\/li>\n\n\n\n<li>pr\u00e1vo podat st\u00ed\u017enost u dozorov\u00e9ho \u00fa\u0159adu odpov\u011bdn\u00e9ho za ochranu osobn\u00edch \u00fadaj\u016f, kter\u00fdm je p\u0159edseda \u00da\u0159adu pro ochranu osobn\u00edch \u00fadaj\u016f, pokud se domn\u00edv\u00e1te, \u017ee zpracov\u00e1n\u00ed va\u0161ich osobn\u00edch \u00fadaj\u016f poru\u0161uje ustanoven\u00ed obecn\u00e9ho na\u0159\u00edzen\u00ed o ochran\u011b osobn\u00edch \u00fadaj\u016f ze dne 27. dubna 2016 (GDPR) uveden\u00e1 na za\u010d\u00e1tku.<\/li>\n<\/ol>\n\n<h2 class=\"wp-block-heading\">Povinnost poskytnout va\u0161e osobn\u00ed \u00fadaje<\/h2>\n\n<p>Poskytnut\u00ed va\u0161ich osobn\u00edch \u00fadaj\u016f je dobrovoln\u00e9, ale je nezbytnou podm\u00ednkou pro uzav\u0159en\u00ed smlouvy s v\u00e1mi a dokon\u010den\u00ed prodeje. Neposkytnut\u00ed osobn\u00edch \u00fadaj\u016f bude m\u00edt za n\u00e1sledek, \u017ee spole\u010dnost INNOVATORS Sp. z o.o. nebude moci s v\u00e1mi smlouvu plnit a prodej dokon\u010dit.<\/p>\n\n<h2 class=\"wp-block-heading\">Zpracov\u00e1n\u00ed osobn\u00edch \u00fadaj\u016f automatizovan\u00fdm zp\u016fsobem, v\u010detn\u011b profilov\u00e1n\u00ed a pro marketingov\u00e9 \u00fa\u010dely<\/h2>\n\n<p>Va\u0161e osobn\u00ed \u00fadaje budou zpracov\u00e1v\u00e1ny automaticky a profilov\u00e1ny. Va\u0161e \u00fadaje budou zpracov\u00e1v\u00e1ny pro marketingov\u00e9 \u00fa\u010dely.<\/p>\n\n<h2 class=\"wp-block-heading\">Soubory cookie, bezpe\u010dnostn\u00ed z\u00e1sady a pokyny pro spr\u00e1vu IT syst\u00e9m\u016f.<\/h2>\n\n<p>Spr\u00e1vce, kter\u00fd provozuje internetov\u00fd obchod, pou\u017e\u00edv\u00e1 technologii cookies ke sledov\u00e1n\u00ed pou\u017e\u00edv\u00e1n\u00ed webov\u00fdch str\u00e1nek. Cookies jsou mal\u00e9 textov\u00e9 soubory ulo\u017een\u00e9 v koncov\u00e9m za\u0159\u00edzen\u00ed Z\u00e1kazn\u00edka (nap\u0159. po\u010d\u00edta\u010d, tablet, chytr\u00fd telefon), kter\u00e9 m\u016f\u017ee \u010d\u00edst IT syst\u00e9m obchodu (cookies prvn\u00ed strany) nebo IT syst\u00e9my t\u0159et\u00edch stran (cookies t\u0159et\u00edch stran). Cookies mohou ukl\u00e1dat a zaznamen\u00e1vat specifick\u00e9 informace, ke kter\u00fdm pak mohou IT syst\u00e9my p\u0159istupovat pro specifick\u00e9 \u00fa\u010dely.<\/p>\n\n<p>Webov\u00e9 str\u00e1nky m\u016f\u017eete pou\u017e\u00edvat i bez pou\u017e\u00edv\u00e1n\u00ed soubor\u016f cookie, ale to m\u016f\u017ee znamenat, \u017ee n\u011bkter\u00e9 funkce nebo slu\u017eby obchodu nebudou spr\u00e1vn\u011b fungovat. Pokud s pou\u017e\u00edv\u00e1n\u00edm soubor\u016f cookie nesouhlas\u00edte, m\u016f\u017eete si kdykoli v nastaven\u00ed prohl\u00ed\u017ee\u010de vybrat mo\u017enost odm\u00edtnut\u00ed soubor\u016f cookie nebo upozorn\u011bn\u00ed na jejich odesl\u00e1n\u00ed.<\/p>\n\n<p>Spr\u00e1vce osobn\u00edch \u00fadaj\u016f udr\u017euje bezpe\u010dnostn\u00ed politiku a pokyny pro spr\u00e1vu IT syst\u00e9mu v souladu se z\u00e1sadami stanoven\u00fdmi v z\u00e1kon\u011b o ochran\u011b osobn\u00edch \u00fadaj\u016f ze dne 10. kv\u011btna 2018. Tyto politiky definuj\u00ed \u00fakony a stanov\u00ed pravidla a z\u00e1sady, kter\u00e9 je nutn\u00e9 dodr\u017eovat pro \u0159\u00e1dn\u00e9 pln\u011bn\u00ed povinnost\u00ed v oblasti zabezpe\u010den\u00ed osobn\u00edch \u00fadaj\u016f a jejich \u0159\u00e1dn\u00e9 zpracov\u00e1n\u00ed. Podrobnosti t\u00fdkaj\u00edc\u00ed se osobn\u00edch \u00fadaj\u016f jsou pops\u00e1ny v Z\u00e1sad\u00e1ch informa\u010dn\u00ed bezpe\u010dnosti.<\/p>\n","protected":false},"excerpt":{"rendered":"<p>Informa\u010dn\u00ed dolo\u017eka o zpracov\u00e1n\u00ed osobn\u00edch \u00fadaj\u016f PRO Z\u00c1KAZN\u00cdKY OBCHODU VAMOOSH.EU SPOLE\u010cNOSTI INNOVATORS SP. Z O.O. Na z\u00e1klad\u011b \u010dl\u00e1nku 13 odst. 1 a 2 na\u0159\u00edzen\u00ed Evropsk\u00e9ho parlamentu a Rady (EU) 2016\/679 ze dne 27. dubna 2016 o ochran\u011b fyzick\u00fdch osob v souvislosti se zpracov\u00e1n\u00edm osobn\u00edch \u00fadaj\u016f a o voln\u00e9m pohybu t\u011bchto \u00fadaj\u016f a o zru\u0161en\u00ed sm\u011brnice [&hellip;]<\/p>\n","protected":false},"author":1,"featured_media":0,"parent":0,"menu_order":0,"comment_status":"closed","ping_status":"closed","template":"","meta":{"_acf_changed":false,"inline_featured_image":false,"footnotes":""},"class_list":["post-6202","page","type-page","status-publish","hentry"],"acf":[],"yoast_head":"<!-- This site is optimized with the Yoast SEO plugin v26.7 - https:\/\/yoast.com\/wordpress\/plugins\/seo\/ -->\n<title>Informa\u010dn\u00ed dolo\u017eka GDPR - VAMOOSH<\/title>\n<meta name=\"description\" content=\"Shop VAMOOSH jsou pr\u00e1\u0161ky, kter\u00e9 \u010dist\u00ed pra\u010dku a b\u011bhem pran\u00ed rozpou\u0161t\u011bj\u00ed srst a vlasy. Nav\u0161tivte - Informa\u010dn\u00ed dolo\u017eka GDPR. Vamoosh v\u00e1m usnadn\u00ed \u017eivot.\" \/>\n<meta name=\"robots\" content=\"index, follow, max-snippet:-1, max-image-preview:large, max-video-preview:-1\" \/>\n<link rel=\"canonical\" href=\"https:\/\/vamoosh.eu\/cs\/informacni-dolozka-gdpr\/\" \/>\n<meta property=\"og:locale\" content=\"cs_CZ\" \/>\n<meta property=\"og:type\" content=\"article\" \/>\n<meta property=\"og:title\" content=\"Informa\u010dn\u00ed dolo\u017eka GDPR - VAMOOSH\" \/>\n<meta property=\"og:description\" content=\"Shop VAMOOSH jsou pr\u00e1\u0161ky, kter\u00e9 \u010dist\u00ed pra\u010dku a b\u011bhem pran\u00ed rozpou\u0161t\u011bj\u00ed srst a vlasy. Nav\u0161tivte - Informa\u010dn\u00ed dolo\u017eka GDPR. Vamoosh v\u00e1m usnadn\u00ed \u017eivot.\" \/>\n<meta property=\"og:url\" content=\"https:\/\/vamoosh.eu\/cs\/informacni-dolozka-gdpr\/\" \/>\n<meta property=\"og:site_name\" content=\"VAMOOSH\" \/>\n<meta property=\"article:modified_time\" content=\"2026-01-15T07:05:55+00:00\" \/>\n<meta property=\"og:image\" content=\"https:\/\/vamoosh.eu\/wp-content\/uploads\/2022\/04\/vamoosh-logo-paw-print-version.png\" \/>\n\t<meta property=\"og:image:width\" content=\"2000\" \/>\n\t<meta property=\"og:image:height\" content=\"826\" \/>\n\t<meta property=\"og:image:type\" content=\"image\/png\" \/>\n<meta name=\"twitter:card\" content=\"summary_large_image\" \/>\n<meta name=\"twitter:label1\" content=\"Odhadovan\u00e1 doba \u010dten\u00ed\" \/>\n\t<meta name=\"twitter:data1\" content=\"9 minut\" \/>\n<script type=\"application\/ld+json\" class=\"yoast-schema-graph\">{\"@context\":\"https:\/\/schema.org\",\"@graph\":[{\"@type\":\"WebPage\",\"@id\":\"https:\/\/vamoosh.eu\/cs\/informacni-dolozka-gdpr\/\",\"url\":\"https:\/\/vamoosh.eu\/cs\/informacni-dolozka-gdpr\/\",\"name\":\"Informa\u010dn\u00ed dolo\u017eka GDPR - VAMOOSH\",\"isPartOf\":{\"@id\":\"https:\/\/vamoosh.eu\/#website\"},\"datePublished\":\"2026-01-15T07:05:54+00:00\",\"dateModified\":\"2026-01-15T07:05:55+00:00\",\"description\":\"Shop VAMOOSH jsou pr\u00e1\u0161ky, kter\u00e9 \u010dist\u00ed pra\u010dku a b\u011bhem pran\u00ed rozpou\u0161t\u011bj\u00ed srst a vlasy. Nav\u0161tivte - Informa\u010dn\u00ed dolo\u017eka GDPR. Vamoosh v\u00e1m usnadn\u00ed \u017eivot.\",\"inLanguage\":\"cs\",\"potentialAction\":[{\"@type\":\"ReadAction\",\"target\":[\"https:\/\/vamoosh.eu\/cs\/informacni-dolozka-gdpr\/\"]}]},{\"@type\":\"WebSite\",\"@id\":\"https:\/\/vamoosh.eu\/#website\",\"url\":\"https:\/\/vamoosh.eu\/\",\"name\":\"VAMOOSH\",\"description\":\"VAMOOSH\",\"publisher\":{\"@id\":\"https:\/\/vamoosh.eu\/#organization\"},\"potentialAction\":[{\"@type\":\"SearchAction\",\"target\":{\"@type\":\"EntryPoint\",\"urlTemplate\":\"https:\/\/vamoosh.eu\/?s={search_term_string}\"},\"query-input\":{\"@type\":\"PropertyValueSpecification\",\"valueRequired\":true,\"valueName\":\"search_term_string\"}}],\"inLanguage\":\"cs\"},{\"@type\":\"Organization\",\"@id\":\"https:\/\/vamoosh.eu\/#organization\",\"name\":\"Vamoosh\",\"alternateName\":\"Vamoosh\",\"url\":\"https:\/\/vamoosh.eu\/\",\"logo\":{\"@type\":\"ImageObject\",\"inLanguage\":\"cs\",\"@id\":\"https:\/\/vamoosh.eu\/#\/schema\/logo\/image\/\",\"url\":\"https:\/\/vamoosh.eu\/wp-content\/uploads\/2022\/04\/vamoosh-logo-paw-print-version.png\",\"contentUrl\":\"https:\/\/vamoosh.eu\/wp-content\/uploads\/2022\/04\/vamoosh-logo-paw-print-version.png\",\"width\":2000,\"height\":826,\"caption\":\"Vamoosh\"},\"image\":{\"@id\":\"https:\/\/vamoosh.eu\/#\/schema\/logo\/image\/\"}}]}<\/script>\n<!-- \/ Yoast SEO plugin. -->","yoast_head_json":{"title":"Informa\u010dn\u00ed dolo\u017eka GDPR - VAMOOSH","description":"Shop VAMOOSH jsou pr\u00e1\u0161ky, kter\u00e9 \u010dist\u00ed pra\u010dku a b\u011bhem pran\u00ed rozpou\u0161t\u011bj\u00ed srst a vlasy. Nav\u0161tivte - Informa\u010dn\u00ed dolo\u017eka GDPR. Vamoosh v\u00e1m usnadn\u00ed \u017eivot.","robots":{"index":"index","follow":"follow","max-snippet":"max-snippet:-1","max-image-preview":"max-image-preview:large","max-video-preview":"max-video-preview:-1"},"canonical":"https:\/\/vamoosh.eu\/cs\/informacni-dolozka-gdpr\/","og_locale":"cs_CZ","og_type":"article","og_title":"Informa\u010dn\u00ed dolo\u017eka GDPR - VAMOOSH","og_description":"Shop VAMOOSH jsou pr\u00e1\u0161ky, kter\u00e9 \u010dist\u00ed pra\u010dku a b\u011bhem pran\u00ed rozpou\u0161t\u011bj\u00ed srst a vlasy. Nav\u0161tivte - Informa\u010dn\u00ed dolo\u017eka GDPR. Vamoosh v\u00e1m usnadn\u00ed \u017eivot.","og_url":"https:\/\/vamoosh.eu\/cs\/informacni-dolozka-gdpr\/","og_site_name":"VAMOOSH","article_modified_time":"2026-01-15T07:05:55+00:00","og_image":[{"width":2000,"height":826,"url":"https:\/\/vamoosh.eu\/wp-content\/uploads\/2022\/04\/vamoosh-logo-paw-print-version.png","type":"image\/png"}],"twitter_card":"summary_large_image","twitter_misc":{"Odhadovan\u00e1 doba \u010dten\u00ed":"9 minut"},"schema":{"@context":"https:\/\/schema.org","@graph":[{"@type":"WebPage","@id":"https:\/\/vamoosh.eu\/cs\/informacni-dolozka-gdpr\/","url":"https:\/\/vamoosh.eu\/cs\/informacni-dolozka-gdpr\/","name":"Informa\u010dn\u00ed dolo\u017eka GDPR - VAMOOSH","isPartOf":{"@id":"https:\/\/vamoosh.eu\/#website"},"datePublished":"2026-01-15T07:05:54+00:00","dateModified":"2026-01-15T07:05:55+00:00","description":"Shop VAMOOSH jsou pr\u00e1\u0161ky, kter\u00e9 \u010dist\u00ed pra\u010dku a b\u011bhem pran\u00ed rozpou\u0161t\u011bj\u00ed srst a vlasy. Nav\u0161tivte - Informa\u010dn\u00ed dolo\u017eka GDPR. Vamoosh v\u00e1m usnadn\u00ed \u017eivot.","inLanguage":"cs","potentialAction":[{"@type":"ReadAction","target":["https:\/\/vamoosh.eu\/cs\/informacni-dolozka-gdpr\/"]}]},{"@type":"WebSite","@id":"https:\/\/vamoosh.eu\/#website","url":"https:\/\/vamoosh.eu\/","name":"VAMOOSH","description":"VAMOOSH","publisher":{"@id":"https:\/\/vamoosh.eu\/#organization"},"potentialAction":[{"@type":"SearchAction","target":{"@type":"EntryPoint","urlTemplate":"https:\/\/vamoosh.eu\/?s={search_term_string}"},"query-input":{"@type":"PropertyValueSpecification","valueRequired":true,"valueName":"search_term_string"}}],"inLanguage":"cs"},{"@type":"Organization","@id":"https:\/\/vamoosh.eu\/#organization","name":"Vamoosh","alternateName":"Vamoosh","url":"https:\/\/vamoosh.eu\/","logo":{"@type":"ImageObject","inLanguage":"cs","@id":"https:\/\/vamoosh.eu\/#\/schema\/logo\/image\/","url":"https:\/\/vamoosh.eu\/wp-content\/uploads\/2022\/04\/vamoosh-logo-paw-print-version.png","contentUrl":"https:\/\/vamoosh.eu\/wp-content\/uploads\/2022\/04\/vamoosh-logo-paw-print-version.png","width":2000,"height":826,"caption":"Vamoosh"},"image":{"@id":"https:\/\/vamoosh.eu\/#\/schema\/logo\/image\/"}}]}},"_links":{"self":[{"href":"https:\/\/vamoosh.eu\/cs\/wp-json\/wp\/v2\/pages\/6202","targetHints":{"allow":["GET"]}}],"collection":[{"href":"https:\/\/vamoosh.eu\/cs\/wp-json\/wp\/v2\/pages"}],"about":[{"href":"https:\/\/vamoosh.eu\/cs\/wp-json\/wp\/v2\/types\/page"}],"author":[{"embeddable":true,"href":"https:\/\/vamoosh.eu\/cs\/wp-json\/wp\/v2\/users\/1"}],"replies":[{"embeddable":true,"href":"https:\/\/vamoosh.eu\/cs\/wp-json\/wp\/v2\/comments?post=6202"}],"version-history":[{"count":1,"href":"https:\/\/vamoosh.eu\/cs\/wp-json\/wp\/v2\/pages\/6202\/revisions"}],"predecessor-version":[{"id":6203,"href":"https:\/\/vamoosh.eu\/cs\/wp-json\/wp\/v2\/pages\/6202\/revisions\/6203"}],"wp:attachment":[{"href":"https:\/\/vamoosh.eu\/cs\/wp-json\/wp\/v2\/media?parent=6202"}],"curies":[{"name":"wp","href":"https:\/\/api.w.org\/{rel}","templated":true}]}}