{"id":6201,"date":"2026-01-15T07:50:25","date_gmt":"2026-01-15T06:50:25","guid":{"rendered":"https:\/\/vamoosh.eu\/kde-koupit\/"},"modified":"2026-01-15T07:50:25","modified_gmt":"2026-01-15T06:50:25","slug":"kde-koupit","status":"publish","type":"page","link":"https:\/\/vamoosh.eu\/cs\/kde-koupit\/","title":{"rendered":"Kde koupit?"},"content":{"rendered":"<h2>VAMOOSH v prodejn\u011b firmy<\/h2>\n<p>VAMOOSH je aktu\u00e1ln\u011b k dispozici v na\u0161\u00ed prodejn\u011b firmy na vamoosh.eu, kde m\u016f\u017eete vyu\u017e\u00edt nejv\u011bt\u0161\u00edch slev p\u0159i n\u00e1kupu v\u00edce balen\u00ed.<\/p>\n<h2>VAMOOSH na Allegro<\/h2>\n<p>VAMOOSH si m\u016f\u017eete tak\u00e9 zakoupit na <a href=\"https:\/\/allegro.pl\/uzytkownik\/innowacyjni\/\" target=\"_blank\" rel=\"noopener\">Allegro<\/a>, a\u010dkoli kv\u016fli vysok\u00fdm n\u00e1klad\u016fm na prodej p\u0159es Allegro tam slevy nenab\u00edz\u00edme a prodej m\u016f\u017ee b\u00fdt n\u011bkdy pozastaven.<\/p>\n<h2>VAMOOSH v ROSSMANN a dal\u0161\u00edch prodejn\u00e1ch<\/h2>\n<p>A\u010dkoli VAMOOSH zat\u00edm nen\u00ed k dispozici v obchodech se zv\u00ed\u0159aty ani v \u0159et\u011bzci Rossmann, pracujeme na roz\u0161\u00ed\u0159en\u00ed distribuce. Pokud byste cht\u011bli, aby se VAMOOSH prod\u00e1val ve va\u0161em m\u00edstn\u00edm obchod\u011b se zv\u00ed\u0159aty, u veterin\u00e1\u0159e, kade\u0159n\u00edka, veterin\u00e1rn\u00ed kliniky nebo na jin\u00e9m m\u00edst\u011b, napi\u0161te n\u00e1m pros\u00edm e-mail s adresou. Budeme je kontaktovat ohledn\u011b mo\u017enosti spolupr\u00e1ce.<\/p>\n","protected":false},"excerpt":{"rendered":"<p>VAMOOSH v prodejn\u011b firmy VAMOOSH je aktu\u00e1ln\u011b k dispozici v na\u0161\u00ed prodejn\u011b firmy na vamoosh.eu, kde m\u016f\u017eete vyu\u017e\u00edt nejv\u011bt\u0161\u00edch slev p\u0159i n\u00e1kupu v\u00edce balen\u00ed. VAMOOSH na Allegro VAMOOSH si m\u016f\u017eete tak\u00e9 zakoupit na Allegro, a\u010dkoli kv\u016fli vysok\u00fdm n\u00e1klad\u016fm na prodej p\u0159es Allegro tam slevy nenab\u00edz\u00edme a prodej m\u016f\u017ee b\u00fdt n\u011bkdy pozastaven. VAMOOSH v ROSSMANN a [&hellip;]<\/p>\n","protected":false},"author":80,"featured_media":0,"parent":0,"menu_order":0,"comment_status":"closed","ping_status":"closed","template":"","meta":{"_acf_changed":false,"inline_featured_image":false,"footnotes":""},"class_list":["post-6201","page","type-page","status-publish","hentry"],"acf":[],"yoast_head":"<!-- This site is optimized with the Yoast SEO plugin v26.7 - https:\/\/yoast.com\/wordpress\/plugins\/seo\/ -->\n<title>Kde koupit? - VAMOOSH<\/title>\n<meta name=\"description\" content=\"Shop VAMOOSH jsou pr\u00e1\u0161ky, kter\u00e9 \u010dist\u00ed pra\u010dku a b\u011bhem pran\u00ed rozpou\u0161t\u011bj\u00ed srst a vlasy. Nav\u0161tivte - Kde koupit?. Vamoosh v\u00e1m usnadn\u00ed \u017eivot.\" \/>\n<meta name=\"robots\" content=\"index, follow, max-snippet:-1, max-image-preview:large, max-video-preview:-1\" \/>\n<link rel=\"canonical\" href=\"https:\/\/vamoosh.eu\/cs\/kde-koupit\/\" \/>\n<meta property=\"og:locale\" content=\"cs_CZ\" \/>\n<meta property=\"og:type\" content=\"article\" \/>\n<meta property=\"og:title\" content=\"Kde koupit? - VAMOOSH\" \/>\n<meta property=\"og:description\" content=\"Shop VAMOOSH jsou pr\u00e1\u0161ky, kter\u00e9 \u010dist\u00ed pra\u010dku a b\u011bhem pran\u00ed rozpou\u0161t\u011bj\u00ed srst a vlasy. Nav\u0161tivte - Kde koupit?. Vamoosh v\u00e1m usnadn\u00ed \u017eivot.\" \/>\n<meta property=\"og:url\" content=\"https:\/\/vamoosh.eu\/cs\/kde-koupit\/\" \/>\n<meta property=\"og:site_name\" content=\"VAMOOSH\" \/>\n<meta property=\"og:image\" content=\"https:\/\/vamoosh.eu\/wp-content\/uploads\/2022\/04\/vamoosh-logo-paw-print-version.png\" \/>\n\t<meta property=\"og:image:width\" content=\"2000\" \/>\n\t<meta property=\"og:image:height\" content=\"826\" \/>\n\t<meta property=\"og:image:type\" content=\"image\/png\" \/>\n<meta name=\"twitter:card\" content=\"summary_large_image\" \/>\n<meta name=\"twitter:label1\" content=\"Odhadovan\u00e1 doba \u010dten\u00ed\" \/>\n\t<meta name=\"twitter:data1\" content=\"1 minuta\" \/>\n<script type=\"application\/ld+json\" class=\"yoast-schema-graph\">{\"@context\":\"https:\/\/schema.org\",\"@graph\":[{\"@type\":\"WebPage\",\"@id\":\"https:\/\/vamoosh.eu\/cs\/kde-koupit\/\",\"url\":\"https:\/\/vamoosh.eu\/cs\/kde-koupit\/\",\"name\":\"Kde koupit? - VAMOOSH\",\"isPartOf\":{\"@id\":\"https:\/\/vamoosh.eu\/#website\"},\"datePublished\":\"2026-01-15T06:50:25+00:00\",\"description\":\"Shop VAMOOSH jsou pr\u00e1\u0161ky, kter\u00e9 \u010dist\u00ed pra\u010dku a b\u011bhem pran\u00ed rozpou\u0161t\u011bj\u00ed srst a vlasy. Nav\u0161tivte - Kde koupit?. Vamoosh v\u00e1m usnadn\u00ed \u017eivot.\",\"inLanguage\":\"cs\",\"potentialAction\":[{\"@type\":\"ReadAction\",\"target\":[\"https:\/\/vamoosh.eu\/cs\/kde-koupit\/\"]}]},{\"@type\":\"WebSite\",\"@id\":\"https:\/\/vamoosh.eu\/#website\",\"url\":\"https:\/\/vamoosh.eu\/\",\"name\":\"VAMOOSH\",\"description\":\"VAMOOSH\",\"publisher\":{\"@id\":\"https:\/\/vamoosh.eu\/#organization\"},\"potentialAction\":[{\"@type\":\"SearchAction\",\"target\":{\"@type\":\"EntryPoint\",\"urlTemplate\":\"https:\/\/vamoosh.eu\/?s={search_term_string}\"},\"query-input\":{\"@type\":\"PropertyValueSpecification\",\"valueRequired\":true,\"valueName\":\"search_term_string\"}}],\"inLanguage\":\"cs\"},{\"@type\":\"Organization\",\"@id\":\"https:\/\/vamoosh.eu\/#organization\",\"name\":\"Vamoosh\",\"alternateName\":\"Vamoosh\",\"url\":\"https:\/\/vamoosh.eu\/\",\"logo\":{\"@type\":\"ImageObject\",\"inLanguage\":\"cs\",\"@id\":\"https:\/\/vamoosh.eu\/#\/schema\/logo\/image\/\",\"url\":\"https:\/\/vamoosh.eu\/wp-content\/uploads\/2022\/04\/vamoosh-logo-paw-print-version.png\",\"contentUrl\":\"https:\/\/vamoosh.eu\/wp-content\/uploads\/2022\/04\/vamoosh-logo-paw-print-version.png\",\"width\":2000,\"height\":826,\"caption\":\"Vamoosh\"},\"image\":{\"@id\":\"https:\/\/vamoosh.eu\/#\/schema\/logo\/image\/\"}}]}<\/script>\n<!-- \/ Yoast SEO plugin. -->","yoast_head_json":{"title":"Kde koupit? - VAMOOSH","description":"Shop VAMOOSH jsou pr\u00e1\u0161ky, kter\u00e9 \u010dist\u00ed pra\u010dku a b\u011bhem pran\u00ed rozpou\u0161t\u011bj\u00ed srst a vlasy. Nav\u0161tivte - Kde koupit?. Vamoosh v\u00e1m usnadn\u00ed \u017eivot.","robots":{"index":"index","follow":"follow","max-snippet":"max-snippet:-1","max-image-preview":"max-image-preview:large","max-video-preview":"max-video-preview:-1"},"canonical":"https:\/\/vamoosh.eu\/cs\/kde-koupit\/","og_locale":"cs_CZ","og_type":"article","og_title":"Kde koupit? - VAMOOSH","og_description":"Shop VAMOOSH jsou pr\u00e1\u0161ky, kter\u00e9 \u010dist\u00ed pra\u010dku a b\u011bhem pran\u00ed rozpou\u0161t\u011bj\u00ed srst a vlasy. Nav\u0161tivte - Kde koupit?. Vamoosh v\u00e1m usnadn\u00ed \u017eivot.","og_url":"https:\/\/vamoosh.eu\/cs\/kde-koupit\/","og_site_name":"VAMOOSH","og_image":[{"width":2000,"height":826,"url":"https:\/\/vamoosh.eu\/wp-content\/uploads\/2022\/04\/vamoosh-logo-paw-print-version.png","type":"image\/png"}],"twitter_card":"summary_large_image","twitter_misc":{"Odhadovan\u00e1 doba \u010dten\u00ed":"1 minuta"},"schema":{"@context":"https:\/\/schema.org","@graph":[{"@type":"WebPage","@id":"https:\/\/vamoosh.eu\/cs\/kde-koupit\/","url":"https:\/\/vamoosh.eu\/cs\/kde-koupit\/","name":"Kde koupit? - VAMOOSH","isPartOf":{"@id":"https:\/\/vamoosh.eu\/#website"},"datePublished":"2026-01-15T06:50:25+00:00","description":"Shop VAMOOSH jsou pr\u00e1\u0161ky, kter\u00e9 \u010dist\u00ed pra\u010dku a b\u011bhem pran\u00ed rozpou\u0161t\u011bj\u00ed srst a vlasy. Nav\u0161tivte - Kde koupit?. Vamoosh v\u00e1m usnadn\u00ed \u017eivot.","inLanguage":"cs","potentialAction":[{"@type":"ReadAction","target":["https:\/\/vamoosh.eu\/cs\/kde-koupit\/"]}]},{"@type":"WebSite","@id":"https:\/\/vamoosh.eu\/#website","url":"https:\/\/vamoosh.eu\/","name":"VAMOOSH","description":"VAMOOSH","publisher":{"@id":"https:\/\/vamoosh.eu\/#organization"},"potentialAction":[{"@type":"SearchAction","target":{"@type":"EntryPoint","urlTemplate":"https:\/\/vamoosh.eu\/?s={search_term_string}"},"query-input":{"@type":"PropertyValueSpecification","valueRequired":true,"valueName":"search_term_string"}}],"inLanguage":"cs"},{"@type":"Organization","@id":"https:\/\/vamoosh.eu\/#organization","name":"Vamoosh","alternateName":"Vamoosh","url":"https:\/\/vamoosh.eu\/","logo":{"@type":"ImageObject","inLanguage":"cs","@id":"https:\/\/vamoosh.eu\/#\/schema\/logo\/image\/","url":"https:\/\/vamoosh.eu\/wp-content\/uploads\/2022\/04\/vamoosh-logo-paw-print-version.png","contentUrl":"https:\/\/vamoosh.eu\/wp-content\/uploads\/2022\/04\/vamoosh-logo-paw-print-version.png","width":2000,"height":826,"caption":"Vamoosh"},"image":{"@id":"https:\/\/vamoosh.eu\/#\/schema\/logo\/image\/"}}]}},"_links":{"self":[{"href":"https:\/\/vamoosh.eu\/cs\/wp-json\/wp\/v2\/pages\/6201","targetHints":{"allow":["GET"]}}],"collection":[{"href":"https:\/\/vamoosh.eu\/cs\/wp-json\/wp\/v2\/pages"}],"about":[{"href":"https:\/\/vamoosh.eu\/cs\/wp-json\/wp\/v2\/types\/page"}],"author":[{"embeddable":true,"href":"https:\/\/vamoosh.eu\/cs\/wp-json\/wp\/v2\/users\/80"}],"replies":[{"embeddable":true,"href":"https:\/\/vamoosh.eu\/cs\/wp-json\/wp\/v2\/comments?post=6201"}],"version-history":[{"count":0,"href":"https:\/\/vamoosh.eu\/cs\/wp-json\/wp\/v2\/pages\/6201\/revisions"}],"wp:attachment":[{"href":"https:\/\/vamoosh.eu\/cs\/wp-json\/wp\/v2\/media?parent=6201"}],"curies":[{"name":"wp","href":"https:\/\/api.w.org\/{rel}","templated":true}]}}