{"id":4761,"date":"2024-06-24T08:20:01","date_gmt":"2024-06-24T06:20:01","guid":{"rendered":"https:\/\/vamoosh.eu\/nazory\/"},"modified":"2026-01-15T07:49:00","modified_gmt":"2026-01-15T06:49:00","slug":"nazory","status":"publish","type":"page","link":"https:\/\/vamoosh.eu\/cs\/nazory\/","title":{"rendered":"N\u00e1zory"},"content":{"rendered":"","protected":false},"excerpt":{"rendered":"","protected":false},"author":80,"featured_media":0,"parent":0,"menu_order":0,"comment_status":"closed","ping_status":"closed","template":"template-opinie.php","meta":{"_acf_changed":false,"inline_featured_image":false,"footnotes":""},"class_list":["post-4761","page","type-page","status-publish","hentry"],"acf":[],"yoast_head":"<!-- This site is optimized with the Yoast SEO plugin v26.7 - https:\/\/yoast.com\/wordpress\/plugins\/seo\/ -->\n<title>N\u00e1zory na pr\u00e1\u0161ky - VAMOOSH<\/title>\n<meta name=\"description\" content=\"Shop VAMOOSH jsou pr\u00e1\u0161ky, kter\u00e9 \u010dist\u00ed pra\u010dku a b\u011bhem pran\u00ed rozpou\u0161t\u011bj\u00ed srst a vlasy. Nav\u0161tivte - N\u00e1zory. Vamoosh v\u00e1m usnadn\u00ed \u017eivot.\" \/>\n<meta name=\"robots\" content=\"index, follow, max-snippet:-1, max-image-preview:large, max-video-preview:-1\" \/>\n<link rel=\"canonical\" href=\"https:\/\/vamoosh.eu\/cs\/nazory\/\" \/>\n<meta property=\"og:locale\" content=\"cs_CZ\" \/>\n<meta property=\"og:type\" content=\"article\" \/>\n<meta property=\"og:title\" content=\"N\u00e1zory na pr\u00e1\u0161ky - VAMOOSH\" \/>\n<meta property=\"og:description\" content=\"Shop VAMOOSH jsou pr\u00e1\u0161ky, kter\u00e9 \u010dist\u00ed pra\u010dku a b\u011bhem pran\u00ed rozpou\u0161t\u011bj\u00ed srst a vlasy. Nav\u0161tivte - N\u00e1zory. Vamoosh v\u00e1m usnadn\u00ed \u017eivot.\" \/>\n<meta property=\"og:url\" content=\"https:\/\/vamoosh.eu\/cs\/nazory\/\" \/>\n<meta property=\"og:site_name\" content=\"VAMOOSH\" \/>\n<meta property=\"article:modified_time\" content=\"2026-01-15T06:49:00+00:00\" \/>\n<meta property=\"og:image\" content=\"https:\/\/vamoosh.eu\/wp-content\/uploads\/2022\/04\/vamoosh-logo-paw-print-version.png\" \/>\n\t<meta property=\"og:image:width\" content=\"2000\" \/>\n\t<meta property=\"og:image:height\" content=\"826\" \/>\n\t<meta property=\"og:image:type\" content=\"image\/png\" \/>\n<meta name=\"twitter:card\" content=\"summary_large_image\" \/>\n<script type=\"application\/ld+json\" class=\"yoast-schema-graph\">{\"@context\":\"https:\/\/schema.org\",\"@graph\":[{\"@type\":\"WebPage\",\"@id\":\"https:\/\/vamoosh.eu\/cs\/nazory\/\",\"url\":\"https:\/\/vamoosh.eu\/cs\/nazory\/\",\"name\":\"N\u00e1zory na pr\u00e1\u0161ky - VAMOOSH\",\"isPartOf\":{\"@id\":\"https:\/\/vamoosh.eu\/#website\"},\"datePublished\":\"2024-06-24T06:20:01+00:00\",\"dateModified\":\"2026-01-15T06:49:00+00:00\",\"description\":\"Shop VAMOOSH jsou pr\u00e1\u0161ky, kter\u00e9 \u010dist\u00ed pra\u010dku a b\u011bhem pran\u00ed rozpou\u0161t\u011bj\u00ed srst a vlasy. Nav\u0161tivte - N\u00e1zory. Vamoosh v\u00e1m usnadn\u00ed \u017eivot.\",\"inLanguage\":\"cs\",\"potentialAction\":[{\"@type\":\"ReadAction\",\"target\":[\"https:\/\/vamoosh.eu\/cs\/nazory\/\"]}]},{\"@type\":\"WebSite\",\"@id\":\"https:\/\/vamoosh.eu\/#website\",\"url\":\"https:\/\/vamoosh.eu\/\",\"name\":\"VAMOOSH\",\"description\":\"VAMOOSH\",\"publisher\":{\"@id\":\"https:\/\/vamoosh.eu\/#organization\"},\"potentialAction\":[{\"@type\":\"SearchAction\",\"target\":{\"@type\":\"EntryPoint\",\"urlTemplate\":\"https:\/\/vamoosh.eu\/?s={search_term_string}\"},\"query-input\":{\"@type\":\"PropertyValueSpecification\",\"valueRequired\":true,\"valueName\":\"search_term_string\"}}],\"inLanguage\":\"cs\"},{\"@type\":\"Organization\",\"@id\":\"https:\/\/vamoosh.eu\/#organization\",\"name\":\"Vamoosh\",\"alternateName\":\"Vamoosh\",\"url\":\"https:\/\/vamoosh.eu\/\",\"logo\":{\"@type\":\"ImageObject\",\"inLanguage\":\"cs\",\"@id\":\"https:\/\/vamoosh.eu\/#\/schema\/logo\/image\/\",\"url\":\"https:\/\/vamoosh.eu\/wp-content\/uploads\/2022\/04\/vamoosh-logo-paw-print-version.png\",\"contentUrl\":\"https:\/\/vamoosh.eu\/wp-content\/uploads\/2022\/04\/vamoosh-logo-paw-print-version.png\",\"width\":2000,\"height\":826,\"caption\":\"Vamoosh\"},\"image\":{\"@id\":\"https:\/\/vamoosh.eu\/#\/schema\/logo\/image\/\"}}]}<\/script>\n<!-- \/ Yoast SEO plugin. -->","yoast_head_json":{"title":"N\u00e1zory na pr\u00e1\u0161ky - VAMOOSH","description":"Shop VAMOOSH jsou pr\u00e1\u0161ky, kter\u00e9 \u010dist\u00ed pra\u010dku a b\u011bhem pran\u00ed rozpou\u0161t\u011bj\u00ed srst a vlasy. Nav\u0161tivte - N\u00e1zory. Vamoosh v\u00e1m usnadn\u00ed \u017eivot.","robots":{"index":"index","follow":"follow","max-snippet":"max-snippet:-1","max-image-preview":"max-image-preview:large","max-video-preview":"max-video-preview:-1"},"canonical":"https:\/\/vamoosh.eu\/cs\/nazory\/","og_locale":"cs_CZ","og_type":"article","og_title":"N\u00e1zory na pr\u00e1\u0161ky - VAMOOSH","og_description":"Shop VAMOOSH jsou pr\u00e1\u0161ky, kter\u00e9 \u010dist\u00ed pra\u010dku a b\u011bhem pran\u00ed rozpou\u0161t\u011bj\u00ed srst a vlasy. Nav\u0161tivte - N\u00e1zory. Vamoosh v\u00e1m usnadn\u00ed \u017eivot.","og_url":"https:\/\/vamoosh.eu\/cs\/nazory\/","og_site_name":"VAMOOSH","article_modified_time":"2026-01-15T06:49:00+00:00","og_image":[{"width":2000,"height":826,"url":"https:\/\/vamoosh.eu\/wp-content\/uploads\/2022\/04\/vamoosh-logo-paw-print-version.png","type":"image\/png"}],"twitter_card":"summary_large_image","schema":{"@context":"https:\/\/schema.org","@graph":[{"@type":"WebPage","@id":"https:\/\/vamoosh.eu\/cs\/nazory\/","url":"https:\/\/vamoosh.eu\/cs\/nazory\/","name":"N\u00e1zory na pr\u00e1\u0161ky - VAMOOSH","isPartOf":{"@id":"https:\/\/vamoosh.eu\/#website"},"datePublished":"2024-06-24T06:20:01+00:00","dateModified":"2026-01-15T06:49:00+00:00","description":"Shop VAMOOSH jsou pr\u00e1\u0161ky, kter\u00e9 \u010dist\u00ed pra\u010dku a b\u011bhem pran\u00ed rozpou\u0161t\u011bj\u00ed srst a vlasy. Nav\u0161tivte - N\u00e1zory. Vamoosh v\u00e1m usnadn\u00ed \u017eivot.","inLanguage":"cs","potentialAction":[{"@type":"ReadAction","target":["https:\/\/vamoosh.eu\/cs\/nazory\/"]}]},{"@type":"WebSite","@id":"https:\/\/vamoosh.eu\/#website","url":"https:\/\/vamoosh.eu\/","name":"VAMOOSH","description":"VAMOOSH","publisher":{"@id":"https:\/\/vamoosh.eu\/#organization"},"potentialAction":[{"@type":"SearchAction","target":{"@type":"EntryPoint","urlTemplate":"https:\/\/vamoosh.eu\/?s={search_term_string}"},"query-input":{"@type":"PropertyValueSpecification","valueRequired":true,"valueName":"search_term_string"}}],"inLanguage":"cs"},{"@type":"Organization","@id":"https:\/\/vamoosh.eu\/#organization","name":"Vamoosh","alternateName":"Vamoosh","url":"https:\/\/vamoosh.eu\/","logo":{"@type":"ImageObject","inLanguage":"cs","@id":"https:\/\/vamoosh.eu\/#\/schema\/logo\/image\/","url":"https:\/\/vamoosh.eu\/wp-content\/uploads\/2022\/04\/vamoosh-logo-paw-print-version.png","contentUrl":"https:\/\/vamoosh.eu\/wp-content\/uploads\/2022\/04\/vamoosh-logo-paw-print-version.png","width":2000,"height":826,"caption":"Vamoosh"},"image":{"@id":"https:\/\/vamoosh.eu\/#\/schema\/logo\/image\/"}}]}},"_links":{"self":[{"href":"https:\/\/vamoosh.eu\/cs\/wp-json\/wp\/v2\/pages\/4761","targetHints":{"allow":["GET"]}}],"collection":[{"href":"https:\/\/vamoosh.eu\/cs\/wp-json\/wp\/v2\/pages"}],"about":[{"href":"https:\/\/vamoosh.eu\/cs\/wp-json\/wp\/v2\/types\/page"}],"author":[{"embeddable":true,"href":"https:\/\/vamoosh.eu\/cs\/wp-json\/wp\/v2\/users\/80"}],"replies":[{"embeddable":true,"href":"https:\/\/vamoosh.eu\/cs\/wp-json\/wp\/v2\/comments?post=4761"}],"version-history":[{"count":1,"href":"https:\/\/vamoosh.eu\/cs\/wp-json\/wp\/v2\/pages\/4761\/revisions"}],"predecessor-version":[{"id":6200,"href":"https:\/\/vamoosh.eu\/cs\/wp-json\/wp\/v2\/pages\/4761\/revisions\/6200"}],"wp:attachment":[{"href":"https:\/\/vamoosh.eu\/cs\/wp-json\/wp\/v2\/media?parent=4761"}],"curies":[{"name":"wp","href":"https:\/\/api.w.org\/{rel}","templated":true}]}}